{"id":8175,"date":"2023-02-17T12:02:45","date_gmt":"2023-02-17T10:02:45","guid":{"rendered":"https:\/\/avp.ro\/?page_id=8175"},"modified":"2024-01-16T11:21:41","modified_gmt":"2024-01-16T09:21:41","slug":"centre-rezidentiale-pentru-minori-2023","status":"publish","type":"page","link":"https:\/\/avp.ro\/index.php\/centre-rezidentiale-pentru-minori-2023\/","title":{"rendered":"CENTRE REZIDEN\u021aIALE PENTRU MINORI 2023"},"content":{"rendered":"<p>&nbsp;<\/p>\n<p>13. <a href=\"https:\/\/avp.ro\/wp-content\/uploads\/2023\/12\/Raport-de-vizita-CP-Nr2-Cluj-Napoca.pdf\">Raport privind vizita efectuat\u0103 la Centrul de Plasament Nr. 2 Cluj Napoca, jud. Cluj<\/a><\/p>\n<p style=\"padding-left: 40px;\"><a href=\"https:\/\/avp.ro\/wp-content\/uploads\/2024\/01\/Raspuns-Centrul-de-Plasament-nr-2-Cluj-Napoca.pdf\">R\u0103spunsul Direc\u021biei Generale de Asisten\u021b\u0103 Social\u0103 \u0219i Protec\u021bia Copilului Cluj<\/a><\/p>\n<p>12. <a href=\"https:\/\/avp.ro\/wp-content\/uploads\/2023\/09\/Raport-CPRU-Calarasi-blurat.pdf\">Raportul privind vizita efectuat\u0103 la Centrul de primire \u00een regim de urgent\u0103 \u201dSf. Maria\u201d C\u0103l\u0103ra\u0219i\u00a0<\/a><\/p>\n<p style=\"padding-left: 40px;\"><a href=\"https:\/\/avp.ro\/wp-content\/uploads\/2023\/11\/Raspuns-DGASPC-Calarasi_10sept2023.pdf\">-R\u0103spunsul Direc\u021biei Generale de Asisten\u021b\u0103 Social\u0103 \u0219i Protec\u021bia Copilului C\u0103l\u0103ra\u0219i &#8211; 10 septembrie 2023<\/a><\/p>\n<p style=\"padding-left: 40px;\"><a href=\"https:\/\/avp.ro\/wp-content\/uploads\/2023\/11\/Raspuns-DGASPC-Calarasi_20sept2023.pdf\">-R\u0103spunsul Direc\u021biei Generale de Asisten\u021b\u0103 Social\u0103 \u0219i Protec\u021bia Copilului C\u0103l\u0103ra\u0219i &#8211;\u00a0 20 septembrie 2023<\/a><\/p>\n<p>11. <a href=\"https:\/\/avp.ro\/wp-content\/uploads\/2023\/08\/Raport-CM-Poenix-Oradea.pdf\">R<\/a>a<a href=\"https:\/\/avp.ro\/wp-content\/uploads\/2023\/08\/Raport-CM-Poenix-Oradea.pdf\">portul privind vizita efectuat\u0103 la Centrul Maternal \u201ePhoenix\u201d Oradea, jude\u021bul Bihor<\/a><\/p>\n<p style=\"padding-left: 40px;\"><a href=\"https:\/\/avp.ro\/wp-content\/uploads\/2023\/08\/Raspuns-CM-Phoenix-Oradea.pdf\">-R\u0103spunsul primit de la Centrul Maternal \u201ePhoenix\u201d Oradea, jude\u021bul Bihor<\/a><\/p>\n<p>10. <a href=\"https:\/\/avp.ro\/wp-content\/uploads\/2023\/07\/Raport-Casa-de-tip-familial-Bulevardul-Carpati-nr.-52-bis-Corabia-jud.-Olt.pdf\">Raportul privind vizita efectuata la Casa de tip familial Bulevardul Carpati nr. 52 bis Corabia, jud. Olt<\/a><\/p>\n<p style=\"padding-left: 40px;\"><a href=\"https:\/\/avp.ro\/wp-content\/uploads\/2023\/08\/Raspuns-Recomandari-DGASPC-Olt-CTF-\u201eSf.-Elena-Corabia.pdf\">-R\u0103spunsul primit de la DGASPC Olt<\/a><\/p>\n<p>9. <a href=\"https:\/\/avp.ro\/wp-content\/uploads\/2023\/07\/Raport-CR-Pascani.pdf\">Raportul\u00a0 pentru vizita efectuat\u0103 la Centrul reziden\u021bial \u201dMihail Sadoveanu\u201d Pa\u0219cani, jude\u021bul Ia\u0219i\u00a0<\/a><\/p>\n<p style=\"padding-left: 40px;\"><a href=\"https:\/\/avp.ro\/wp-content\/uploads\/2024\/01\/Raspuns-DGASPC-Iasi-vizita-CR-Pascani.pdf\">-R\u0103spunsul conducerii D.G.A.S.P.C. Ia\u0219i<\/a><\/p>\n<p>8. <a href=\"https:\/\/avp.ro\/wp-content\/uploads\/2023\/06\/Raport-CP-Maria.pdf\">Raportul privind vizita efectuat\u0103 la Centrul de Plasament \u201dCasa Maria\u201d F\u0103g\u0103ra\u0219, jude\u021bul Bra\u0219ov<\/a><\/p>\n<p style=\"padding-left: 40px;\"><a href=\"https:\/\/avp.ro\/wp-content\/uploads\/2023\/08\/Raspuns-Casa-Maria-Fagaras.pdf\">-R\u0103spunsul primit de la Centrul de Plasament \u201dCasa Maria\u201d F\u0103g\u0103ra\u0219, jude\u021bul Bra\u0219ov<\/a><\/p>\n<p>7. <a href=\"https:\/\/avp.ro\/wp-content\/uploads\/2023\/06\/Raport-de-vizita-CTF-Viisoara-1.pdf\">Raportul privind vizita efectuat\u0103 la Casa de tip familial Vii\u0219oara, jude\u021bul Bistri\u021ba N\u0103s\u0103ud<\/a><\/p>\n<p style=\"padding-left: 40px;\"><a href=\"https:\/\/avp.ro\/wp-content\/uploads\/2023\/08\/Raspuns-CTF-Viisoara.pdf\">-R\u0103spunsul primit de la Casa de tip familial \u201eVii\u0219oara Bistri\u021ba\u201d, jude\u021bul Bistri\u021ba N\u0103s\u0103ud<\/a><\/p>\n<p>6. <a href=\"https:\/\/avp.ro\/wp-content\/uploads\/2023\/05\/Raport-de-vizita-CPRU-Zalau-SJ.pdf\">Raportul privind vizita desf\u0103\u0219urat\u0103 la Centrul de Primire \u00een Regim de Urgen\u021b\u0103 Zal\u0103u, jude\u021bul S\u0103laj<\/a><\/p>\n<p style=\"padding-left: 40px;\"><a href=\"https:\/\/avp.ro\/wp-content\/uploads\/2023\/06\/Raspuns-CPRU-Zalau.pdf\">-R\u0103spunsul Centrului de Primire \u00een Regim de Urgen\u021b\u0103 Zal\u0103u, jude\u021bul S\u0103laj<\/a><\/p>\n<p>5. <a href=\"https:\/\/avp.ro\/wp-content\/uploads\/2023\/05\/Raport-de-vizita-CTF-Petresti.pdf\">Raportul privind vizita efectuat\u0103 la Casa de tip familial (C.T.F.) pentru copilul separat temporar sau definitiv de p\u0103rin\u021bii s\u0103i \u201ePetre\u0219ti\u201d, jude\u021bul Gorj<\/a><\/p>\n<p style=\"padding-left: 40px;\"><a href=\"https:\/\/avp.ro\/wp-content\/uploads\/2023\/05\/Raspuns-Recomandari-CTF-\u201ePetresti.pdf\">-R\u0103spunsul DGASPC Gorj<\/a><\/p>\n<p>4. <a href=\"https:\/\/avp.ro\/wp-content\/uploads\/2023\/04\/Raport-CTF-Sf-Ana-Alba-Iulia.pdf\">Raportul privind vizita efectuat\u0103 la Casa de tip familial \u201dSf\u00e2nta Ana\u201d, Alba Iulia, jude\u021bul Alba<\/a><\/p>\n<p style=\"padding-left: 40px;\"><a href=\"https:\/\/avp.ro\/wp-content\/uploads\/2023\/05\/Raspuns-CTF-Sf-Ana.pdf\">-R\u0103spunsul primit de la Casa de tip familial \u201dSf\u00e2nta Ana\u201d, Alba Iulia, jude\u021bul Alba<\/a><\/p>\n<p>3. <a href=\"https:\/\/avp.ro\/wp-content\/uploads\/2023\/04\/Raport-Casa-Felicia-Piatra-Neamt-2.pdf\">Raportul privind vizita efectuat\u0103 la Casa Felicia Piatra-Neam\u021b, jude\u021bul Neam\u021b<\/a><\/p>\n<p style=\"padding-left: 40px;\"><a href=\"https:\/\/avp.ro\/wp-content\/uploads\/2023\/05\/Raspuns-DGASPC-Neamt-vizita-Casa-Felicia.pdf\">-R\u0103spunsul DGASPC Neam\u021b<\/a><\/p>\n<p>2. <a href=\"https:\/\/avp.ro\/wp-content\/uploads\/2023\/03\/Raport-de-vizita-ATF-\u201ePrimaverii-Motru.pdf\">Raportul privind vizita efectuat\u0103 la Apartamentul de tip familial destinat protec\u021biei reziden\u021biale a copiilor ,,Prim\u0103verii\u201d Motru, din cadrul Complexului de Servicii Comunitare pentru Copilul \u00een\u00a0 \u00a0 \u00a0 \u00a0 Dificultate T\u00e2rgu Jiu, jude\u021bul Gorj<\/a><\/p>\n<p style=\"padding-left: 40px;\"><a href=\"https:\/\/avp.ro\/wp-content\/uploads\/2023\/03\/Raspuns-recomandari-ATF-\u201ePrimaverii-Motru-2.pdf\">-R\u0103spunsul DGASPC &#8211; Gorj<\/a><\/p>\n<p>1. <a href=\"https:\/\/avp.ro\/wp-content\/uploads\/2023\/02\/Raport-de-vizita-casa-maria-bals.pdf\">Raportul privind vizita efectuat\u0103 la Casa de Tip Familial str. Cire\u0219ului nr. 88 &#8211; Complex Servicii de tip Rezidential pentru Copii \u201eSf\u00e2nta Maria\u201d Bal\u0219, jude\u021bul Olt<\/a><\/p>\n<p style=\"padding-left: 40px;\"><a href=\"https:\/\/avp.ro\/wp-content\/uploads\/2023\/03\/Raspuns-Recomandari-DGASPC-Olt-CTF-Bals.pdf\">-R\u0103spunsul D.G.A.S.P.C. Olt<\/a><\/p>\n","protected":false},"excerpt":{"rendered":"<p>&nbsp; 13. Raport privind vizita efectuat\u0103 la Centrul de Plasament Nr. 2 Cluj Napoca, jud. Cluj R\u0103spunsul Direc\u021biei Generale de Asisten\u021b\u0103 Social\u0103 \u0219i Protec\u021bia Copilului Cluj 12. Raportul privind vizita&hellip; <\/p>\n","protected":false},"author":1,"featured_media":0,"parent":0,"menu_order":0,"comment_status":"closed","ping_status":"closed","template":"","meta":{"footnotes":""},"class_list":["post-8175","page","type-page","status-publish","hentry"],"yoast_head":"<!-- This site is optimized with the Yoast SEO plugin v27.3 - https:\/\/yoast.com\/product\/yoast-seo-wordpress\/ -->\n<title>CENTRE REZIDEN\u021aIALE PENTRU MINORI 2023 - Institu\u021bia Avocatul Poporului<\/title>\n<meta name=\"robots\" content=\"index, follow, max-snippet:-1, max-image-preview:large, max-video-preview:-1\" \/>\n<link rel=\"canonical\" href=\"https:\/\/avp.ro\/index.php\/centre-rezidentiale-pentru-minori-2023\/\" \/>\n<meta property=\"og:locale\" content=\"en_US\" \/>\n<meta property=\"og:type\" content=\"article\" \/>\n<meta property=\"og:title\" content=\"CENTRE REZIDEN\u021aIALE PENTRU MINORI 2023 - Institu\u021bia Avocatul Poporului\" \/>\n<meta property=\"og:description\" content=\"&nbsp; 13. Raport privind vizita efectuat\u0103 la Centrul de Plasament Nr. 2 Cluj Napoca, jud. Cluj R\u0103spunsul Direc\u021biei Generale de Asisten\u021b\u0103 Social\u0103 \u0219i Protec\u021bia Copilului Cluj 12. Raportul privind vizita&hellip;\" \/>\n<meta property=\"og:url\" content=\"https:\/\/avp.ro\/index.php\/centre-rezidentiale-pentru-minori-2023\/\" \/>\n<meta property=\"og:site_name\" content=\"Institu\u021bia Avocatul Poporului\" \/>\n<meta property=\"article:modified_time\" content=\"2024-01-16T09:21:41+00:00\" \/>\n<meta name=\"twitter:card\" content=\"summary_large_image\" \/>\n<meta name=\"twitter:label1\" content=\"Est. reading time\" \/>\n\t<meta name=\"twitter:data1\" content=\"2 minutes\" \/>\n<script type=\"application\/ld+json\" class=\"yoast-schema-graph\">{\"@context\":\"https:\\\/\\\/schema.org\",\"@graph\":[{\"@type\":\"WebPage\",\"@id\":\"https:\\\/\\\/avp.ro\\\/index.php\\\/centre-rezidentiale-pentru-minori-2023\\\/\",\"url\":\"https:\\\/\\\/avp.ro\\\/index.php\\\/centre-rezidentiale-pentru-minori-2023\\\/\",\"name\":\"CENTRE REZIDEN\u021aIALE PENTRU MINORI 2023 - Institu\u021bia Avocatul Poporului\",\"isPartOf\":{\"@id\":\"https:\\\/\\\/avp.ro\\\/#website\"},\"datePublished\":\"2023-02-17T10:02:45+00:00\",\"dateModified\":\"2024-01-16T09:21:41+00:00\",\"breadcrumb\":{\"@id\":\"https:\\\/\\\/avp.ro\\\/index.php\\\/centre-rezidentiale-pentru-minori-2023\\\/#breadcrumb\"},\"inLanguage\":\"en-US\",\"potentialAction\":[{\"@type\":\"ReadAction\",\"target\":[\"https:\\\/\\\/avp.ro\\\/index.php\\\/centre-rezidentiale-pentru-minori-2023\\\/\"]}]},{\"@type\":\"BreadcrumbList\",\"@id\":\"https:\\\/\\\/avp.ro\\\/index.php\\\/centre-rezidentiale-pentru-minori-2023\\\/#breadcrumb\",\"itemListElement\":[{\"@type\":\"ListItem\",\"position\":1,\"name\":\"Home\",\"item\":\"https:\\\/\\\/avp.ro\\\/\"},{\"@type\":\"ListItem\",\"position\":2,\"name\":\"CENTRE REZIDEN\u021aIALE PENTRU MINORI 2023\"}]},{\"@type\":\"WebSite\",\"@id\":\"https:\\\/\\\/avp.ro\\\/#website\",\"url\":\"https:\\\/\\\/avp.ro\\\/\",\"name\":\"Institu\u021bia Avocatul Poporului\",\"description\":\"People\u2019s Advocate institution - Office of the Ombudsman\",\"publisher\":{\"@id\":\"https:\\\/\\\/avp.ro\\\/#organization\"},\"potentialAction\":[{\"@type\":\"SearchAction\",\"target\":{\"@type\":\"EntryPoint\",\"urlTemplate\":\"https:\\\/\\\/avp.ro\\\/?s={search_term_string}\"},\"query-input\":{\"@type\":\"PropertyValueSpecification\",\"valueRequired\":true,\"valueName\":\"search_term_string\"}}],\"inLanguage\":\"en-US\"},{\"@type\":\"Organization\",\"@id\":\"https:\\\/\\\/avp.ro\\\/#organization\",\"name\":\"Institutia Avocatul Poporului\",\"url\":\"https:\\\/\\\/avp.ro\\\/\",\"logo\":{\"@type\":\"ImageObject\",\"inLanguage\":\"en-US\",\"@id\":\"https:\\\/\\\/avp.ro\\\/#\\\/schema\\\/logo\\\/image\\\/\",\"url\":\"https:\\\/\\\/avp.ro\\\/wp-content\\\/uploads\\\/2020\\\/09\\\/cropped-AP.jpg\",\"contentUrl\":\"https:\\\/\\\/avp.ro\\\/wp-content\\\/uploads\\\/2020\\\/09\\\/cropped-AP.jpg\",\"width\":160,\"height\":146,\"caption\":\"Institutia Avocatul Poporului\"},\"image\":{\"@id\":\"https:\\\/\\\/avp.ro\\\/#\\\/schema\\\/logo\\\/image\\\/\"}}]}<\/script>\n<!-- \/ Yoast SEO plugin. -->","yoast_head_json":{"title":"CENTRE REZIDEN\u021aIALE PENTRU MINORI 2023 - Institu\u021bia Avocatul Poporului","robots":{"index":"index","follow":"follow","max-snippet":"max-snippet:-1","max-image-preview":"max-image-preview:large","max-video-preview":"max-video-preview:-1"},"canonical":"https:\/\/avp.ro\/index.php\/centre-rezidentiale-pentru-minori-2023\/","og_locale":"en_US","og_type":"article","og_title":"CENTRE REZIDEN\u021aIALE PENTRU MINORI 2023 - Institu\u021bia Avocatul Poporului","og_description":"&nbsp; 13. Raport privind vizita efectuat\u0103 la Centrul de Plasament Nr. 2 Cluj Napoca, jud. Cluj R\u0103spunsul Direc\u021biei Generale de Asisten\u021b\u0103 Social\u0103 \u0219i Protec\u021bia Copilului Cluj 12. Raportul privind vizita&hellip;","og_url":"https:\/\/avp.ro\/index.php\/centre-rezidentiale-pentru-minori-2023\/","og_site_name":"Institu\u021bia Avocatul Poporului","article_modified_time":"2024-01-16T09:21:41+00:00","twitter_card":"summary_large_image","twitter_misc":{"Est. reading time":"2 minutes"},"schema":{"@context":"https:\/\/schema.org","@graph":[{"@type":"WebPage","@id":"https:\/\/avp.ro\/index.php\/centre-rezidentiale-pentru-minori-2023\/","url":"https:\/\/avp.ro\/index.php\/centre-rezidentiale-pentru-minori-2023\/","name":"CENTRE REZIDEN\u021aIALE PENTRU MINORI 2023 - Institu\u021bia Avocatul Poporului","isPartOf":{"@id":"https:\/\/avp.ro\/#website"},"datePublished":"2023-02-17T10:02:45+00:00","dateModified":"2024-01-16T09:21:41+00:00","breadcrumb":{"@id":"https:\/\/avp.ro\/index.php\/centre-rezidentiale-pentru-minori-2023\/#breadcrumb"},"inLanguage":"en-US","potentialAction":[{"@type":"ReadAction","target":["https:\/\/avp.ro\/index.php\/centre-rezidentiale-pentru-minori-2023\/"]}]},{"@type":"BreadcrumbList","@id":"https:\/\/avp.ro\/index.php\/centre-rezidentiale-pentru-minori-2023\/#breadcrumb","itemListElement":[{"@type":"ListItem","position":1,"name":"Home","item":"https:\/\/avp.ro\/"},{"@type":"ListItem","position":2,"name":"CENTRE REZIDEN\u021aIALE PENTRU MINORI 2023"}]},{"@type":"WebSite","@id":"https:\/\/avp.ro\/#website","url":"https:\/\/avp.ro\/","name":"Institu\u021bia Avocatul Poporului","description":"People\u2019s Advocate institution - Office of the Ombudsman","publisher":{"@id":"https:\/\/avp.ro\/#organization"},"potentialAction":[{"@type":"SearchAction","target":{"@type":"EntryPoint","urlTemplate":"https:\/\/avp.ro\/?s={search_term_string}"},"query-input":{"@type":"PropertyValueSpecification","valueRequired":true,"valueName":"search_term_string"}}],"inLanguage":"en-US"},{"@type":"Organization","@id":"https:\/\/avp.ro\/#organization","name":"Institutia Avocatul Poporului","url":"https:\/\/avp.ro\/","logo":{"@type":"ImageObject","inLanguage":"en-US","@id":"https:\/\/avp.ro\/#\/schema\/logo\/image\/","url":"https:\/\/avp.ro\/wp-content\/uploads\/2020\/09\/cropped-AP.jpg","contentUrl":"https:\/\/avp.ro\/wp-content\/uploads\/2020\/09\/cropped-AP.jpg","width":160,"height":146,"caption":"Institutia Avocatul Poporului"},"image":{"@id":"https:\/\/avp.ro\/#\/schema\/logo\/image\/"}}]}},"_links":{"self":[{"href":"https:\/\/avp.ro\/index.php\/wp-json\/wp\/v2\/pages\/8175","targetHints":{"allow":["GET"]}}],"collection":[{"href":"https:\/\/avp.ro\/index.php\/wp-json\/wp\/v2\/pages"}],"about":[{"href":"https:\/\/avp.ro\/index.php\/wp-json\/wp\/v2\/types\/page"}],"author":[{"embeddable":true,"href":"https:\/\/avp.ro\/index.php\/wp-json\/wp\/v2\/users\/1"}],"replies":[{"embeddable":true,"href":"https:\/\/avp.ro\/index.php\/wp-json\/wp\/v2\/comments?post=8175"}],"version-history":[{"count":37,"href":"https:\/\/avp.ro\/index.php\/wp-json\/wp\/v2\/pages\/8175\/revisions"}],"predecessor-version":[{"id":10450,"href":"https:\/\/avp.ro\/index.php\/wp-json\/wp\/v2\/pages\/8175\/revisions\/10450"}],"wp:attachment":[{"href":"https:\/\/avp.ro\/index.php\/wp-json\/wp\/v2\/media?parent=8175"}],"curies":[{"name":"wp","href":"https:\/\/api.w.org\/{rel}","templated":true}]}}