{"id":8217,"date":"2023-02-23T16:10:02","date_gmt":"2023-02-23T14:10:02","guid":{"rendered":"https:\/\/avp.ro\/?page_id=8217"},"modified":"2024-02-19T09:36:04","modified_gmt":"2024-02-19T07:36:04","slug":"centre-de-retinere-si-arestare-preventiva-2023","status":"publish","type":"page","link":"https:\/\/avp.ro\/index.php\/centre-de-retinere-si-arestare-preventiva-2023\/","title":{"rendered":"CENTRE DE RE\u021aINERE \u0218I ARESTARE PREVENTIV\u0102 2023"},"content":{"rendered":"<p>&nbsp;<\/p>\n<p>10. <a href=\"https:\/\/avp.ro\/wp-content\/uploads\/2024\/01\/Raport-de-vizita-CRAP-Alba.pdf\">Raportul privind vizita efectuat\u0103 la Centrul de Re\u021binere \u0219i Arestare Preventiv\u0103 Alba, din cadrul I.P.J. Alba<\/a><\/p>\n<p style=\"padding-left: 40px;\"><a href=\"https:\/\/avp.ro\/wp-content\/uploads\/2024\/02\/Raspuns-IPJ-CRAP-AB.pdf\">-R\u0103spunsul primit de la Centrul de Re\u021binere \u0219i Arestare Preventiv\u0103 Alba<\/a><\/p>\n<p>9. <a href=\"https:\/\/avp.ro\/wp-content\/uploads\/2023\/12\/Raport-de-vizita-CRAP-Timis.pdf\">Raportul privind vizita efectuat\u0103 la Centrul de Re\u021binere \u0219i Arestare Preventiv\u0103 Timi\u0219, din cadrul I.P.J. Timi\u0219<\/a><\/p>\n<p style=\"padding-left: 40px;\"><a href=\"https:\/\/avp.ro\/wp-content\/uploads\/2024\/01\/Raspuns-IPJ-CRAP-Timis.pdf\">-R\u0103spunsul conducerii I.P.J \u2013 CRAP Timi\u0219<\/a><\/p>\n<p>8. <a href=\"https:\/\/avp.ro\/wp-content\/uploads\/2023\/08\/RV-CRAP-1-2023.pdf\">Raportul privind vizita efectuat\u0103 la Centrul de Re\u021binere \u0219i Arestare Preventiv\u0103 Nr. 1 din cadrul Direc\u021biei Generale de Poli\u021bie a Municipiului Bucure\u0219ti<\/a><\/p>\n<p style=\"padding-left: 40px;\"><a href=\"https:\/\/avp.ro\/wp-content\/uploads\/2023\/10\/Raspuns-DGPMB-24023_1.09.2023-pt.-CRAP-1.pdf\">&#8211; R\u0103spunsul Direc\u021biei Generale de Poli\u021bie a Municipiului Bucure\u0219ti (DGPMB), inclusiv pentru CRAP 1 Bucure\u0219ti<\/a><br \/>\n<a href=\"https:\/\/avp.ro\/wp-content\/uploads\/2023\/10\/Raspuns-IGPR-24427_6.09.2023-pt.-CRAP-1.pdf\">&#8211; R\u0103spunsul Inspectoratului General al Poli\u021biei Rom\u00e2ne (IGPR)<\/a><\/p>\n<p>7. <a href=\"https:\/\/avp.ro\/wp-content\/uploads\/2023\/07\/Raport-CRAP-VS.pdf\">Raportul privind vizita efectuat\u0103 la Centrul de Re\u021binere \u0219i Arestare Preventiv\u0103 Vaslui<\/a><\/p>\n<p style=\"padding-left: 40px;\"><a href=\"https:\/\/avp.ro\/wp-content\/uploads\/2024\/01\/Raspuns-CRAP-Vaslui.pdf\">-R\u0103spunsul primit de la conducerea C.R.A.P. Vaslui<\/a><\/p>\n<p>6. <a href=\"https:\/\/avp.ro\/wp-content\/uploads\/2023\/06\/Raportul-privind-vizita-efectuata-la-Centrul-de-Retinere-si-Arestare-Preventiva-Constanta.pdf\">Raportul privind vizita efectuat\u0103 la Centrul de Re\u021binere \u0219i Arestare Preventiv\u0103 Constan\u021ba<\/a><\/p>\n<p style=\"padding-left: 40px;\"><a href=\"https:\/\/avp.ro\/wp-content\/uploads\/2023\/07\/Raspunsul-primit-de-la-Centrul-de-Retinere-si-Arestare-Preventiva-Constanta.pdf\">-R\u0103spunsul primit de la Centrul de Re\u021binere \u0219i Arestare Preventiv\u0103 Constan\u021ba<\/a><\/p>\n<p>5. <a href=\"https:\/\/avp.ro\/wp-content\/uploads\/2023\/05\/Raport-de-vizita-CRAP-Mehedinti.pdf\">Raportul privind vizita efectuat\u0103 la Centrul de Re\u021binere \u0219i Arestare Preventiv\u0103 Mehedin\u021bi, din cadrul Inspectoratului de Poli\u021bie Jude\u021bean Mehedin\u021bi<\/a><\/p>\n<p style=\"padding-left: 40px;\"><a href=\"https:\/\/avp.ro\/wp-content\/uploads\/2023\/06\/Raspuns-IPJ_MH.pdf\">-R\u0103spunsul Inspectoratului Jude\u021bean de Poli\u021bie Mehedin\u021bi<\/a><\/p>\n<p>4. <a href=\"https:\/\/avp.ro\/wp-content\/uploads\/2023\/03\/RV-CRAP-IPJ-Ialomita.pdf\">Raportul privind vizita efectuat\u0103 la Centrul de Re\u021binere \u0219i Arestare Preventiv\u0103 din cadrul I.P.J. Ialomi\u021ba<\/a><\/p>\n<p style=\"padding-left: 40px;\"><a href=\"https:\/\/avp.ro\/wp-content\/uploads\/2023\/05\/Raspuns-CRAP-Ialomita-13039_10.05.2023.pdf\">&#8211; R\u0103spunsul \u00a0Centrului de Re\u021binere \u0219i Arestare Preventiv\u0103 din cadrul I.P.J. Ialomi\u021ba<\/a><\/p>\n<p>3. <a href=\"https:\/\/avp.ro\/wp-content\/uploads\/2023\/03\/Raportul-de-vizita-privind-Centrul-de-Retinere-si-Arestare-Preventiva-Calarasi.pdf\">Raportul privind vizita efectuat\u0103 la Centrul de Re\u021binere \u0219i Arestare Preventiv\u0103 C\u0103l\u0103ra\u0219i<\/a><\/p>\n<p style=\"padding-left: 40px;\">&#8211; <a href=\"https:\/\/avp.ro\/wp-content\/uploads\/2023\/04\/Raspunsul-Centrului-de-Retinere-si-Arestare-Preventiva-Calarasi.pdf\">R\u0103spunsul Centrului de Re\u021binere \u0219i Arestare Preventiv\u0103 C\u0103l\u0103ra\u0219i<\/a><\/p>\n<p>2. <a href=\"https:\/\/avp.ro\/wp-content\/uploads\/2023\/03\/RV-CRAP-Giurgiu_2023.pdf\">Raportul privind vizita efectuat\u0103 la Centrul de Re\u021binere \u0219i Arestare Preventiv\u0103 din cadrul I.P.J. Giurgiu<\/a><\/p>\n<p style=\"padding-left: 40px;\"><a href=\"https:\/\/avp.ro\/wp-content\/uploads\/2023\/04\/Raspuns-CRAP-GR.pdf\">-R\u0103spunsul Centrului de Re\u021binere \u0219i Arestare Preventiv\u0103 din cadrul I.P.J. Giurgiu<\/a><\/p>\n<p style=\"padding-left: 40px;\"><a href=\"https:\/\/avp.ro\/wp-content\/uploads\/2023\/04\/Raspuns-CMJ-Giurgiu.pdf\">-R\u0103spunsul Centrului Medical Jude\u021bean Giurgiu<\/a><\/p>\n<p>1. <a href=\"https:\/\/avp.ro\/wp-content\/uploads\/2023\/02\/20230223141544.pdf\">Raportul privind vizita efectuat\u0103 la Centrul de Re\u021binere \u0219i Arestare Preventiv\u0103 Teleorman<\/a><\/p>\n<p style=\"padding-left: 40px;\"><a href=\"https:\/\/avp.ro\/wp-content\/uploads\/2023\/03\/20230310120834.pdf\">&#8211; R\u0103spunsul\u00a0 CRAP Teleorman<\/a><\/p>\n","protected":false},"excerpt":{"rendered":"<p>&nbsp; 10. Raportul privind vizita efectuat\u0103 la Centrul de Re\u021binere \u0219i Arestare Preventiv\u0103 Alba, din cadrul I.P.J. Alba -R\u0103spunsul primit de la Centrul de Re\u021binere \u0219i Arestare Preventiv\u0103 Alba 9.&hellip; <\/p>\n","protected":false},"author":1,"featured_media":0,"parent":0,"menu_order":0,"comment_status":"closed","ping_status":"closed","template":"","meta":{"footnotes":""},"class_list":["post-8217","page","type-page","status-publish","hentry"],"yoast_head":"<!-- This site is optimized with the Yoast SEO plugin v27.3 - https:\/\/yoast.com\/product\/yoast-seo-wordpress\/ -->\n<title>CENTRE DE RE\u021aINERE \u0218I ARESTARE PREVENTIV\u0102 2023 - Institu\u021bia Avocatul Poporului<\/title>\n<meta name=\"robots\" content=\"index, follow, max-snippet:-1, max-image-preview:large, max-video-preview:-1\" \/>\n<link rel=\"canonical\" href=\"https:\/\/avp.ro\/index.php\/centre-de-retinere-si-arestare-preventiva-2023\/\" \/>\n<meta property=\"og:locale\" content=\"en_US\" \/>\n<meta property=\"og:type\" content=\"article\" \/>\n<meta property=\"og:title\" content=\"CENTRE DE RE\u021aINERE \u0218I ARESTARE PREVENTIV\u0102 2023 - Institu\u021bia Avocatul Poporului\" \/>\n<meta property=\"og:description\" content=\"&nbsp; 10. Raportul privind vizita efectuat\u0103 la Centrul de Re\u021binere \u0219i Arestare Preventiv\u0103 Alba, din cadrul I.P.J. Alba -R\u0103spunsul primit de la Centrul de Re\u021binere \u0219i Arestare Preventiv\u0103 Alba 9.&hellip;\" \/>\n<meta property=\"og:url\" content=\"https:\/\/avp.ro\/index.php\/centre-de-retinere-si-arestare-preventiva-2023\/\" \/>\n<meta property=\"og:site_name\" content=\"Institu\u021bia Avocatul Poporului\" \/>\n<meta property=\"article:modified_time\" content=\"2024-02-19T07:36:04+00:00\" \/>\n<meta name=\"twitter:card\" content=\"summary_large_image\" \/>\n<meta name=\"twitter:label1\" content=\"Est. reading time\" \/>\n\t<meta name=\"twitter:data1\" content=\"2 minutes\" \/>\n<script type=\"application\/ld+json\" class=\"yoast-schema-graph\">{\"@context\":\"https:\\\/\\\/schema.org\",\"@graph\":[{\"@type\":\"WebPage\",\"@id\":\"https:\\\/\\\/avp.ro\\\/index.php\\\/centre-de-retinere-si-arestare-preventiva-2023\\\/\",\"url\":\"https:\\\/\\\/avp.ro\\\/index.php\\\/centre-de-retinere-si-arestare-preventiva-2023\\\/\",\"name\":\"CENTRE DE RE\u021aINERE \u0218I ARESTARE PREVENTIV\u0102 2023 - Institu\u021bia Avocatul Poporului\",\"isPartOf\":{\"@id\":\"https:\\\/\\\/avp.ro\\\/#website\"},\"datePublished\":\"2023-02-23T14:10:02+00:00\",\"dateModified\":\"2024-02-19T07:36:04+00:00\",\"breadcrumb\":{\"@id\":\"https:\\\/\\\/avp.ro\\\/index.php\\\/centre-de-retinere-si-arestare-preventiva-2023\\\/#breadcrumb\"},\"inLanguage\":\"en-US\",\"potentialAction\":[{\"@type\":\"ReadAction\",\"target\":[\"https:\\\/\\\/avp.ro\\\/index.php\\\/centre-de-retinere-si-arestare-preventiva-2023\\\/\"]}]},{\"@type\":\"BreadcrumbList\",\"@id\":\"https:\\\/\\\/avp.ro\\\/index.php\\\/centre-de-retinere-si-arestare-preventiva-2023\\\/#breadcrumb\",\"itemListElement\":[{\"@type\":\"ListItem\",\"position\":1,\"name\":\"Home\",\"item\":\"https:\\\/\\\/avp.ro\\\/\"},{\"@type\":\"ListItem\",\"position\":2,\"name\":\"CENTRE DE RE\u021aINERE \u0218I ARESTARE PREVENTIV\u0102 2023\"}]},{\"@type\":\"WebSite\",\"@id\":\"https:\\\/\\\/avp.ro\\\/#website\",\"url\":\"https:\\\/\\\/avp.ro\\\/\",\"name\":\"Institu\u021bia Avocatul Poporului\",\"description\":\"People\u2019s Advocate institution - Office of the Ombudsman\",\"publisher\":{\"@id\":\"https:\\\/\\\/avp.ro\\\/#organization\"},\"potentialAction\":[{\"@type\":\"SearchAction\",\"target\":{\"@type\":\"EntryPoint\",\"urlTemplate\":\"https:\\\/\\\/avp.ro\\\/?s={search_term_string}\"},\"query-input\":{\"@type\":\"PropertyValueSpecification\",\"valueRequired\":true,\"valueName\":\"search_term_string\"}}],\"inLanguage\":\"en-US\"},{\"@type\":\"Organization\",\"@id\":\"https:\\\/\\\/avp.ro\\\/#organization\",\"name\":\"Institutia Avocatul Poporului\",\"url\":\"https:\\\/\\\/avp.ro\\\/\",\"logo\":{\"@type\":\"ImageObject\",\"inLanguage\":\"en-US\",\"@id\":\"https:\\\/\\\/avp.ro\\\/#\\\/schema\\\/logo\\\/image\\\/\",\"url\":\"https:\\\/\\\/avp.ro\\\/wp-content\\\/uploads\\\/2020\\\/09\\\/cropped-AP.jpg\",\"contentUrl\":\"https:\\\/\\\/avp.ro\\\/wp-content\\\/uploads\\\/2020\\\/09\\\/cropped-AP.jpg\",\"width\":160,\"height\":146,\"caption\":\"Institutia Avocatul Poporului\"},\"image\":{\"@id\":\"https:\\\/\\\/avp.ro\\\/#\\\/schema\\\/logo\\\/image\\\/\"}}]}<\/script>\n<!-- \/ Yoast SEO plugin. -->","yoast_head_json":{"title":"CENTRE DE RE\u021aINERE \u0218I ARESTARE PREVENTIV\u0102 2023 - Institu\u021bia Avocatul Poporului","robots":{"index":"index","follow":"follow","max-snippet":"max-snippet:-1","max-image-preview":"max-image-preview:large","max-video-preview":"max-video-preview:-1"},"canonical":"https:\/\/avp.ro\/index.php\/centre-de-retinere-si-arestare-preventiva-2023\/","og_locale":"en_US","og_type":"article","og_title":"CENTRE DE RE\u021aINERE \u0218I ARESTARE PREVENTIV\u0102 2023 - Institu\u021bia Avocatul Poporului","og_description":"&nbsp; 10. Raportul privind vizita efectuat\u0103 la Centrul de Re\u021binere \u0219i Arestare Preventiv\u0103 Alba, din cadrul I.P.J. Alba -R\u0103spunsul primit de la Centrul de Re\u021binere \u0219i Arestare Preventiv\u0103 Alba 9.&hellip;","og_url":"https:\/\/avp.ro\/index.php\/centre-de-retinere-si-arestare-preventiva-2023\/","og_site_name":"Institu\u021bia Avocatul Poporului","article_modified_time":"2024-02-19T07:36:04+00:00","twitter_card":"summary_large_image","twitter_misc":{"Est. reading time":"2 minutes"},"schema":{"@context":"https:\/\/schema.org","@graph":[{"@type":"WebPage","@id":"https:\/\/avp.ro\/index.php\/centre-de-retinere-si-arestare-preventiva-2023\/","url":"https:\/\/avp.ro\/index.php\/centre-de-retinere-si-arestare-preventiva-2023\/","name":"CENTRE DE RE\u021aINERE \u0218I ARESTARE PREVENTIV\u0102 2023 - Institu\u021bia Avocatul Poporului","isPartOf":{"@id":"https:\/\/avp.ro\/#website"},"datePublished":"2023-02-23T14:10:02+00:00","dateModified":"2024-02-19T07:36:04+00:00","breadcrumb":{"@id":"https:\/\/avp.ro\/index.php\/centre-de-retinere-si-arestare-preventiva-2023\/#breadcrumb"},"inLanguage":"en-US","potentialAction":[{"@type":"ReadAction","target":["https:\/\/avp.ro\/index.php\/centre-de-retinere-si-arestare-preventiva-2023\/"]}]},{"@type":"BreadcrumbList","@id":"https:\/\/avp.ro\/index.php\/centre-de-retinere-si-arestare-preventiva-2023\/#breadcrumb","itemListElement":[{"@type":"ListItem","position":1,"name":"Home","item":"https:\/\/avp.ro\/"},{"@type":"ListItem","position":2,"name":"CENTRE DE RE\u021aINERE \u0218I ARESTARE PREVENTIV\u0102 2023"}]},{"@type":"WebSite","@id":"https:\/\/avp.ro\/#website","url":"https:\/\/avp.ro\/","name":"Institu\u021bia Avocatul Poporului","description":"People\u2019s Advocate institution - Office of the Ombudsman","publisher":{"@id":"https:\/\/avp.ro\/#organization"},"potentialAction":[{"@type":"SearchAction","target":{"@type":"EntryPoint","urlTemplate":"https:\/\/avp.ro\/?s={search_term_string}"},"query-input":{"@type":"PropertyValueSpecification","valueRequired":true,"valueName":"search_term_string"}}],"inLanguage":"en-US"},{"@type":"Organization","@id":"https:\/\/avp.ro\/#organization","name":"Institutia Avocatul Poporului","url":"https:\/\/avp.ro\/","logo":{"@type":"ImageObject","inLanguage":"en-US","@id":"https:\/\/avp.ro\/#\/schema\/logo\/image\/","url":"https:\/\/avp.ro\/wp-content\/uploads\/2020\/09\/cropped-AP.jpg","contentUrl":"https:\/\/avp.ro\/wp-content\/uploads\/2020\/09\/cropped-AP.jpg","width":160,"height":146,"caption":"Institutia Avocatul Poporului"},"image":{"@id":"https:\/\/avp.ro\/#\/schema\/logo\/image\/"}}]}},"_links":{"self":[{"href":"https:\/\/avp.ro\/index.php\/wp-json\/wp\/v2\/pages\/8217","targetHints":{"allow":["GET"]}}],"collection":[{"href":"https:\/\/avp.ro\/index.php\/wp-json\/wp\/v2\/pages"}],"about":[{"href":"https:\/\/avp.ro\/index.php\/wp-json\/wp\/v2\/types\/page"}],"author":[{"embeddable":true,"href":"https:\/\/avp.ro\/index.php\/wp-json\/wp\/v2\/users\/1"}],"replies":[{"embeddable":true,"href":"https:\/\/avp.ro\/index.php\/wp-json\/wp\/v2\/comments?post=8217"}],"version-history":[{"count":29,"href":"https:\/\/avp.ro\/index.php\/wp-json\/wp\/v2\/pages\/8217\/revisions"}],"predecessor-version":[{"id":10698,"href":"https:\/\/avp.ro\/index.php\/wp-json\/wp\/v2\/pages\/8217\/revisions\/10698"}],"wp:attachment":[{"href":"https:\/\/avp.ro\/index.php\/wp-json\/wp\/v2\/media?parent=8217"}],"curies":[{"name":"wp","href":"https:\/\/api.w.org\/{rel}","templated":true}]}}