{"id":84,"date":"2020-07-16T06:10:26","date_gmt":"2020-07-16T06:10:26","guid":{"rendered":"https:\/\/avp.ro\/?page_id=84"},"modified":"2025-12-03T12:29:37","modified_gmt":"2025-12-03T10:29:37","slug":"rapoarte-speciale","status":"publish","type":"page","link":"https:\/\/avp.ro\/index.php\/activitatea-avp\/rapoarte-speciale\/","title":{"rendered":"Rapoarte speciale"},"content":{"rendered":"<p>&nbsp;<\/p>\n<p style=\"padding-left: 40px;\"><span style=\"color: #ff0000;\"><strong><em>RAPOARTE SPECIALE 2025<\/em><\/strong><\/span><\/p>\n<p style=\"padding-left: 40px;\">4. <a href=\"https:\/\/avp.ro\/wp-content\/uploads\/2025\/12\/Raport-special-pensii-extraneitate.pdf\">RAPORT SPECIAL PRIVIND VALORIFICAREA DREPTULUI LA PENSIE DE C\u0102TRE CET\u0102\u021aENII ROM\u00c2NI CARE MUNCESC \u00ceN STR\u0102IN\u0102TATE, 3 decembrie 2025<\/a><\/p>\n<p style=\"padding-left: 40px;\">3. <a href=\"https:\/\/avp.ro\/wp-content\/uploads\/2025\/10\/Raport-special-situatia-persoanelor-varstnice-expuse-unui-risc-mai-mare-de-saracie.pdf\">RAPORT SPECIAL PRIVIND SITUA\u021aIA PERSOANELOR V\u00c2RSTNICE EXPUSE UNUI RISC MAI MARE DE S\u0102R\u0102CIE \u0218I EXCLUZIUNE SOCIAL\u0102, 16 octombrie 2025<\/a><\/p>\n<p style=\"padding-left: 40px;\">2. <a href=\"https:\/\/avp.ro\/wp-content\/uploads\/2025\/05\/raport-special-siguranta-rutiera-in-Romania.pdf\">RAPORT SPECIAL PRIVIND SIGURAN\u021aA RUTIER\u0102 \u00ceN ROM\u00c2NIA, 21 mai 2025<\/a><\/p>\n<p style=\"padding-left: 40px;\">1. <a href=\"https:\/\/avp.ro\/wp-content\/uploads\/2025\/04\/Raport-special-violenta-domestica.pdf\">RAPORT SPECIAL PRIVIND FENOMENUL VIOLEN\u021aEI DOMESTICE \u00ceN ROM\u00c2NIA, 29 aprilie 2025<\/a><\/p>\n<p>&nbsp;<\/p>\n<p style=\"padding-left: 40px;\"><span style=\"color: #ff0000;\"><strong><em>RAPOARTE SPECIALE 2024<\/em><\/strong><\/span><\/p>\n<p style=\"padding-left: 40px;\">2. <a href=\"https:\/\/avp.ro\/wp-content\/uploads\/2024\/03\/Raport-special-cazuri-sociale-dezinstitutionalizare.pdf\">RAPORT SPECIAL PRIVIND DIFICULT\u0102\u021aILE PE CARE LE \u00ceNT\u00c2MPIN\u0102 PERSOANELE CU DIZABILIT\u0102\u021aI, RESPECTIV PACIEN\u021aII A C\u0102ROR SITUA\u021aIE SOCIAL\u0102 DETERMIN\u0102 PRELUNGIREA SPITALIZ\u0102RII, 12 martie 2024<\/a><\/p>\n<p style=\"padding-left: 40px;\">1. <a href=\"https:\/\/avp.ro\/wp-content\/uploads\/2024\/01\/Raport-special-monitorizarea-implementarii-deciziilor-CEDO.pdf\">RAPORT SPECIAL PRIVIND MONITORIZAREA IMPLEMENT\u0102RII DECIZIILOR CEDO \u00ceN CAZUL INTERN\u0102RILOR NEVOLUNTARE \u00ceN SPITALELE DE PSIHIATRIE, 23 ianuarie 2024<\/a><\/p>\n<p style=\"padding-left: 80px;\"><a href=\"https:\/\/avp.ro\/wp-content\/uploads\/2024\/01\/Anexa-1-rapoarte-D2.pdf\">Anexa 1 &#8211; Rapoarte DREPTURILE FAMILIEI, TINERILOR, PENSIONARILOR, PERSOANELOR CU HANDICAP<\/a><\/p>\n<p style=\"padding-left: 80px;\"><a href=\"https:\/\/avp.ro\/wp-content\/uploads\/2024\/01\/Anexa-2-rapoarte-MNP.pdf\">Anexa 2 &#8211; Rapoarte MNP<\/a><\/p>\n<p>&nbsp;<\/p>\n<p style=\"padding-left: 40px;\"><span style=\"color: #ff0000;\"><strong><em>RAPOARTE SPECIALE 2023<\/em><\/strong><\/span><\/p>\n<p style=\"padding-left: 40px;\">3. <a href=\"https:\/\/avp.ro\/wp-content\/uploads\/2023\/04\/Raport-hartuire-si-violenta-la-locul-de-munca.pdf\">RAPORT SPECIAL PRIVIND H\u0102R\u021aUIREA \u0218I VIOLEN\u021aA LA LOCUL DE MUNC\u0102 &#8211; 12 aprilie 2023<\/a><\/p>\n<p style=\"padding-left: 80px;\"><em><strong><a href=\"https:\/\/avp.ro\/wp-content\/uploads\/2023\/05\/Raspuns-Ministerul-Muncii.pdf\">-R\u0103spunsul Ministerului Muncii \u0219i Solidarit\u0103\u021bi Sociale<\/a><\/strong><\/em><\/p>\n<p style=\"padding-left: 80px;\"><em><strong><a href=\"https:\/\/avp.ro\/wp-content\/uploads\/2023\/05\/Raspuns-ANES.pdf\">-R\u0103spunsul Agen\u021biei Na\u021bionale pentru Egalitate de \u0218anse \u00eentre Femei \u0219i B\u0103rba\u021bi<\/a><\/strong><\/em><\/p>\n<p style=\"padding-left: 40px;\">2.<a href=\"https:\/\/avp.ro\/wp-content\/uploads\/2023\/03\/Raport-Special-privind-securitatea-si-sanatatea-in-munca-a-lucratorilor.pdf\"> RAPORT SPECIAL PRIVIND SECURITATEA \u015eI S\u0102N\u0102TATEA \u00ceN MUNC\u0102 A LUCR\u0102TORILOR &#8211; 9 martie 2023<\/a><\/p>\n<p style=\"padding-left: 40px;\">1.<a href=\"https:\/\/avp.ro\/wp-content\/uploads\/2023\/02\/Raport-accesibilitatea-pacientilor-la-serviciile-oferite-de-sistemul-medical-din-Romania.pdf\"> RAPORT SPECIAL PRIVIND ACCESIBILITATEA PACIEN\u021aILOR LA SERVICIILE OFERITE DE SISTEMUL MEDICAL DIN ROM\u00c2NIA &#8211; 16 februarie 2023<\/a><\/p>\n<p>&nbsp;<\/p>\n<p style=\"padding-left: 40px;\"><span style=\"color: #ff0000;\"><strong><em>RAPOARTE SPECIALE 2022<\/em><\/strong><\/span><\/p>\n<p style=\"padding-left: 40px;\">3. <a href=\"https:\/\/avp.ro\/wp-content\/uploads\/2022\/10\/Raport-special-preventie-si-informare-in-domeniul-medical-din-Romania.pdf\">RAPORT SPECIAL PREVEN\u021aIE \u0218I INFORMARE \u00ceN DOMENIUL MEDICAL DIN ROM\u00c2NIA \u2013 23 noie<\/a><a href=\"https:\/\/avp.ro\/wp-content\/uploads\/2022\/10\/Raport-special-preventie-si-informare-in-domeniul-medical-din-Romania.pdf\">mbrie<\/a><a href=\"https:\/\/avp.ro\/wp-content\/uploads\/2022\/10\/Raport-special-preventie-si-informare-in-domeniul-medical-din-Romania.pdf\"> 2022<\/a><\/p>\n<p style=\"padding-left: 40px;\">2<a href=\"https:\/\/avp.ro\/wp-content\/uploads\/2022\/10\/Raport-special-proprietate.pdf\">. RAPORT SPECIAL PRIVIND RESPECTAREA DREPTULUI DE PROPRIETATE \u00ceN PROCESUL DE RECONSTITUIRE\/CONSTITUIRE A DREPTULUI DE PROPRIETATE PRIVAT\u0102 ASUPRA TERENURILOR AGRICOLE \u0218I FORESTIERE &#8211;\u00a019 octombrie 2022<\/a><\/p>\n<p style=\"padding-left: 40px;\">1.<a href=\"https:\/\/avp.ro\/wp-content\/uploads\/2022\/01\/Raport-special-respectarea-dreptului-la-munca-si-protectia-sociala-a-muncii.pdf\"> RAPORT SPECIAL PRIVIND RESPECTAREA DREPTULUI LA MUNC\u0102 \u0218I PROTEC\u021aIA SOCIAL\u0102 A MUNCII &#8211; 26 ianuarie 2022<\/a><\/p>\n<p>&nbsp;<\/p>\n<p style=\"padding-left: 40px;\"><span style=\"color: #ff0000;\"><strong><em>RAPOARTE SPECIALE 2021<\/em><\/strong><\/span><\/p>\n<p style=\"padding-left: 40px;\">4.<a href=\"https:\/\/avp.ro\/wp-content\/uploads\/2021\/06\/Raport-impact-pandemie-Covid-sanatate-mintala-SITE-cu-anexe.pdf\"> RAPORT SPECIAL PRIVIND IMPACTUL PANDEMIEI DE COVID-19 ASUPRA S\u0102N\u0102T\u0102\u021aII MINTALE A COPIILOR &#8211; M\u0102SURI RECOMANDATE \u00ceN VEDEREA \u00ceMBUN\u0102T\u0102\u021aIRII ACCESULUI COPIILOR LA SERVICII MEDICALE DE SPECIALITATE PSIHIATRIC\u0102 \u0218I PSIHOLOGIC\u0102<\/a><\/p>\n<p style=\"padding-left: 80px;\"><a href=\"https:\/\/avp.ro\/wp-content\/uploads\/2021\/08\/raspuns-ME.pdf\"><strong><em>&#8211; R\u0103spunsul Ministerului Educa\u021biei<\/em><\/strong><\/a><\/p>\n<p style=\"padding-left: 40px;\">3.<a href=\"https:\/\/avp.ro\/wp-content\/uploads\/2021\/05\/Raport-special-deficit-personal-politie-si-dotari-logistice-pentru-site.pdf\"> RAPORTUL SPECIAL PRIVIND DEFICITUL DE PERSONAL DIN CADRUL POLI\u021aIEI ROM\u00c2NE \u0218I DOTAREA LOGISTIC\u0102 A POLI\u0162I\u015eTILOR<\/a><\/p>\n<p style=\"padding-left: 80px;\"><em><strong><a href=\"https:\/\/avp.ro\/wp-content\/uploads\/2021\/07\/Raspuns-MAI.pdf\">&#8211; R\u0103spunsul Ministerului Afacerilor Interne<\/a><\/strong><\/em><\/p>\n<p style=\"padding-left: 40px;\">2.<a href=\"https:\/\/avp.ro\/wp-content\/uploads\/2021\/04\/RAPORT-asistenta-psihologica-CRAP-uri.pdf\"> RAPORT CU PRIVIRE LA ASISTEN\u021aA PSIHOLOGIC\u0102 \u00ceN CADRUL CENTRELOR DE RE\u021aINERE\u00a0 \u0218I ARESTARE PREVENTIV\u0102 &#8211; EXTRAS DIN CONSTAT\u0102RILE CELOR 51 DE VIZITE AL MECANISMULUI NA\u021aIONAL DE PREVENIRE 2015-2020\u00a0<\/a><\/p>\n<p style=\"padding-left: 40px;\">1.<a href=\"https:\/\/avp.ro\/wp-content\/uploads\/2021\/04\/Raport-special-privind-lipsa-medicilor-de-familie-din-zona-rurala-si-din-zonele-defavorizate-sau-greu-accesibile.pdf\"> RAPORT SPECIAL PRIVIND LIPSA MEDICILOR DE FAMILIE DIN ZONA RURAL\u0102 \u0218I DIN ZONELE DEFAVORIZATE SAU GREU ACCESIBILE<\/a><\/p>\n<p style=\"padding-left: 80px;\"><strong><em><a href=\"https:\/\/avp.ro\/wp-content\/uploads\/2021\/07\/raspuns-UMF-Timisoara.pdf\">&#8211; R\u0103spunsul Universit\u0103\u021bii de Medicin\u0103 \u0219i Farmacie \u201eVictor Babe\u0219\u201d Timi\u0219oara<\/a><\/em><\/strong><\/p>\n<p style=\"padding-left: 80px;\"><em><strong><a href=\"https:\/\/avp.ro\/wp-content\/uploads\/2021\/07\/raspuns-UMF-Carol-Davila.pdf\">&#8211; R\u0103spunsul Universit\u0103\u021bii de Medicin\u0103 \u0219i Farmacie \u201eCarol Davila\u201d din Bucure\u015fti<\/a><\/strong><\/em><\/p>\n<p style=\"padding-left: 80px;\"><em><strong><a href=\"https:\/\/avp.ro\/wp-content\/uploads\/2021\/07\/raspuns-MS.pdf\">&#8211; R\u0103spunsul Ministerului S\u0103n\u0103t\u0103\u021bii<\/a><\/strong><\/em><\/p>\n<p style=\"padding-left: 80px;\"><em><strong><a href=\"https:\/\/avp.ro\/wp-content\/uploads\/2021\/07\/raspuns-MDLPA-2.pdf\">&#8211; R\u0103spunsul Ministrul Dezvolt\u0103rii, Lucr\u0103rilor publice \u0219i Administra\u021biei<\/a><\/strong><\/em><\/p>\n<p>&nbsp;<\/p>\n<p style=\"font-weight: 400; padding-left: 40px;\"><span style=\"color: #ff0000;\"><strong><em>RAPOARTE SPECIALE 2020<\/em><\/strong><\/span><\/p>\n<p style=\"padding-left: 40px;\"><a href=\"https:\/\/avp.ro\/wp-content\/uploads\/2020\/09\/raport_special_2020_3-1.pdf\">3. RAPORT SPECIAL PRIVIND RESPECTAREA DREPTURILOR OMULUI \u0218I M\u0102SURILE EXCEP\u021aIONALE DISPUSE \u00ceN PERIOADA ST\u0102RII DE URGEN\u021a\u0102 \u0218I A ST\u0102RII DE ALERT\u0102 (16 MARTIE \u2013 10 SEPTEMBRIE 2020)<\/a><\/p>\n<p style=\"padding-left: 80px;\"><em><strong><a href=\"https:\/\/avp.ro\/wp-content\/uploads\/2020\/10\/The-observance-of-human-rights-and-the-exceptional-measures-ordered-during-the-period-of-the-state-of-emergency-and-the-state-of-alert-eng.pdf\">&#8211; THE OBSERVANCE OF HUMAN RIGHTS AND THE EXCEPTIONAL MEASURES ORDERED DURING THE PERIOD OF THE STATE OF EMERGENCY AND THE STATE OF ALERT (MARCH 16 &#8211; SEPTEMBER 10, 2020)<\/a><\/strong><\/em><\/p>\n<p style=\"padding-left: 40px;\"><a href=\"https:\/\/avp.ro\/wp-content\/uploads\/2020\/09\/raport_special_2020_2-1.pdf\">2. RAPORT SPECIAL PRIVIND ACORDAREA BURSELOR PENTRU ELEVI LA NIVEL NA\u021aIONAL \u00ceN ANUL \u0218COLAR 2019-2020<\/a><\/p>\n<p style=\"padding-left: 40px;\"><a href=\"https:\/\/avp.ro\/wp-content\/uploads\/2020\/09\/raport_special_2020_1-1.pdf\">1. RAPORT SPECIAL PRIVIND PROTEJAREA ZONELOR FORESTIERE ALE ROM\u00c2NIEI<\/a><\/p>\n<p>&nbsp;<\/p>\n<p style=\"font-weight: 400; padding-left: 30px;\"><span style=\"color: #ff0000;\"><strong><em>RAPOARTE SPECIALE 2019<\/em><\/strong><\/span><\/p>\n<p style=\"padding-left: 30px;\"><strong><em>3. <\/em><\/strong><a href=\"https:\/\/avp.ro\/wp-content\/uploads\/2020\/07\/raport_special_2019_3.pdf\">RAPORT SPECIAL PRIVIND SITUA\u021aIA RESPECT\u0102RII DREPTURILOR OMULUI \u00ceN SPITALELE DE PSIHISTRIE DIN ROM\u00c2NIA (noiembrie 2019)<\/a><\/p>\n<p style=\"padding-left: 30px;\">2. <a href=\"https:\/\/avp.ro\/wp-content\/uploads\/2020\/07\/raport_special_2019_2.pdf\">RAPORT SPECIAL PRIVIND RESPECTAREA DREPTURILOR COPILULUI \u00ceN ROM\u00c2NIA (noiembrie 2019)<\/a><\/p>\n<p style=\"padding-left: 30px;\">1.<a href=\"https:\/\/avp.ro\/wp-content\/uploads\/2020\/07\/raport_special_2019_1.pdf\">RAPORT SPECIAL PRIVIND REZULTATUL INVESTIGA\u021aIILOR F\u0102CUTE DE C\u0102TRE AVOCATUL POPORULUI \u00ceN LEG\u0102TUR\u0102 CU PRESCRIEREA SUBSTAN\u021aELOR PSIHOTROPE PENTRU COPIII DIN CENTRELE DE TIP REZIDEN\u021aIAL (noiembrie 2019)<\/a><\/p>\n<p style=\"font-weight: 400;\"><strong><em>\u00a0 \u00a0 <\/em><\/strong><\/p>\n<p style=\"font-weight: 400;\"><span style=\"color: #ff0000;\"><strong><em>\u00a0 \u00a0 \u00a0 RAPOARTE SPECIALE 2018<\/em><\/strong><\/span><\/p>\n<p style=\"padding-left: 40px;\"><strong>2<\/strong>. <a href=\"https:\/\/avp.ro\/wp-content\/uploads\/2020\/07\/raport_special_2018_1.pdf\">RAPORT SPECIAL PRIVIND RESPECTAREA DREPTURILOR VETERANILOR, VETERANILOR DE R\u0102ZBOI, INVALIZILOR DE R\u0102ZBOI, ORFANILOR DE R\u0102ZBOI, V\u0102DUVELOR DE R\u0102ZBOI, V\u0102DUVELOR NEREC\u0102S\u0102TORITE ALE VETERANILOR DE R\u0102ZBOI \u0218I PRIZONIERILOR DE R\u0102ZBOI (2018)<\/a><\/p>\n<p style=\"font-weight: 400; padding-left: 70px;\"><em><strong><a href=\"https:\/\/avp.ro\/wp-content\/uploads\/2020\/07\/report_veterans_2018_en.pdf\">\u2013 SPECIAL REPORT ON THE OBSERVANCE OF THE RIGHTS OF VETERANS,WAR VETERANS, WAR INVALIDS, WAR ORPHANS, WIDOWS OF WAR, UNMARRIED WIDOWS OF WAR VETERANS AND PRISONERS OF WAR<\/a><\/strong><\/em><\/p>\n<p style=\"padding-left: 40px;\"><strong>1<\/strong>. <a href=\"https:\/\/avp.ro\/wp-content\/uploads\/2020\/07\/raport_special_2018_2.pdf\">RAPORT SPECIAL PRIVIND RESPECTAREA DREPTURILOR PERSOANELOR PERSECUTATE DIN MOTIVE POLITICE DE C\u0102TRE DICTATURA INSTAURAT\u0102 \u00ceN ROM\u00c2NIA \u00ceN PERIOADA 6 MARTIE 1945 \u2013 22 DECEMBRIE 1989 (2018)<\/a><\/p>\n<p style=\"font-weight: 400; padding-left: 70px;\"><strong><em><a href=\"https:\/\/avp.ro\/wp-content\/uploads\/2020\/07\/report_persecuted_2018_en.pdf\">\u2013 SUMMARY OF THE SPECIAL REPORT ON THE OBSERVANCE OF THE RIGHTS OF PERSONS PERSECUTED FOR POLITICAL REASONS BY THE DICTATORSHIP INSTALLED IN ROMANIA BETWEEN MARCH 6, 1945 AND DECEMBER 22, 1989<\/a><\/em><\/strong><\/p>\n<p>&nbsp;<\/p>\n<p>&nbsp;<\/p>\n<p>&nbsp;<\/p>\n<p style=\"font-weight: 400; padding-left: 30px;\"><strong>Pentru informa\u021bii suplimentare (arhiv\u0103) accesa\u021bi site-ul vechi al intitu\u021biei Avocatul Poporului: <a href=\"http:\/\/old.avpoporului.ro\">old.avpoporului.ro<\/a><\/strong><\/p>\n<p style=\"font-weight: 400;\">\n","protected":false},"excerpt":{"rendered":"<p>&nbsp; RAPOARTE SPECIALE 2025 4. RAPORT SPECIAL PRIVIND VALORIFICAREA DREPTULUI LA PENSIE DE C\u0102TRE CET\u0102\u021aENII ROM\u00c2NI CARE MUNCESC \u00ceN STR\u0102IN\u0102TATE, 3 decembrie 2025 3. RAPORT SPECIAL PRIVIND SITUA\u021aIA PERSOANELOR V\u00c2RSTNICE&hellip; <\/p>\n","protected":false},"author":1,"featured_media":0,"parent":50,"menu_order":2,"comment_status":"closed","ping_status":"closed","template":"","meta":{"footnotes":""},"class_list":["post-84","page","type-page","status-publish","hentry"],"yoast_head":"<!-- This site is optimized with the Yoast SEO plugin v27.3 - https:\/\/yoast.com\/product\/yoast-seo-wordpress\/ -->\n<title>Rapoarte speciale - Institu\u021bia Avocatul Poporului<\/title>\n<meta name=\"robots\" content=\"index, follow, max-snippet:-1, max-image-preview:large, max-video-preview:-1\" \/>\n<link rel=\"canonical\" href=\"https:\/\/avp.ro\/index.php\/activitatea-avp\/rapoarte-speciale\/\" \/>\n<meta property=\"og:locale\" content=\"en_US\" \/>\n<meta property=\"og:type\" content=\"article\" \/>\n<meta property=\"og:title\" content=\"Rapoarte speciale - Institu\u021bia Avocatul Poporului\" \/>\n<meta property=\"og:description\" content=\"&nbsp; RAPOARTE SPECIALE 2025 4. RAPORT SPECIAL PRIVIND VALORIFICAREA DREPTULUI LA PENSIE DE C\u0102TRE CET\u0102\u021aENII ROM\u00c2NI CARE MUNCESC \u00ceN STR\u0102IN\u0102TATE, 3 decembrie 2025 3. RAPORT SPECIAL PRIVIND SITUA\u021aIA PERSOANELOR V\u00c2RSTNICE&hellip;\" \/>\n<meta property=\"og:url\" content=\"https:\/\/avp.ro\/index.php\/activitatea-avp\/rapoarte-speciale\/\" \/>\n<meta property=\"og:site_name\" content=\"Institu\u021bia Avocatul Poporului\" \/>\n<meta property=\"article:modified_time\" content=\"2025-12-03T10:29:37+00:00\" \/>\n<meta name=\"twitter:card\" content=\"summary_large_image\" \/>\n<meta name=\"twitter:label1\" content=\"Est. reading time\" \/>\n\t<meta name=\"twitter:data1\" content=\"3 minutes\" \/>\n<script type=\"application\/ld+json\" class=\"yoast-schema-graph\">{\"@context\":\"https:\\\/\\\/schema.org\",\"@graph\":[{\"@type\":\"WebPage\",\"@id\":\"https:\\\/\\\/avp.ro\\\/index.php\\\/activitatea-avp\\\/rapoarte-speciale\\\/\",\"url\":\"https:\\\/\\\/avp.ro\\\/index.php\\\/activitatea-avp\\\/rapoarte-speciale\\\/\",\"name\":\"Rapoarte speciale - Institu\u021bia Avocatul Poporului\",\"isPartOf\":{\"@id\":\"https:\\\/\\\/avp.ro\\\/#website\"},\"datePublished\":\"2020-07-16T06:10:26+00:00\",\"dateModified\":\"2025-12-03T10:29:37+00:00\",\"breadcrumb\":{\"@id\":\"https:\\\/\\\/avp.ro\\\/index.php\\\/activitatea-avp\\\/rapoarte-speciale\\\/#breadcrumb\"},\"inLanguage\":\"en-US\",\"potentialAction\":[{\"@type\":\"ReadAction\",\"target\":[\"https:\\\/\\\/avp.ro\\\/index.php\\\/activitatea-avp\\\/rapoarte-speciale\\\/\"]}]},{\"@type\":\"BreadcrumbList\",\"@id\":\"https:\\\/\\\/avp.ro\\\/index.php\\\/activitatea-avp\\\/rapoarte-speciale\\\/#breadcrumb\",\"itemListElement\":[{\"@type\":\"ListItem\",\"position\":1,\"name\":\"Home\",\"item\":\"https:\\\/\\\/avp.ro\\\/\"},{\"@type\":\"ListItem\",\"position\":2,\"name\":\"ACTIVITATEA AVP\",\"item\":\"https:\\\/\\\/avp.ro\\\/index.php\\\/activitatea-avp\\\/\"},{\"@type\":\"ListItem\",\"position\":3,\"name\":\"Rapoarte speciale\"}]},{\"@type\":\"WebSite\",\"@id\":\"https:\\\/\\\/avp.ro\\\/#website\",\"url\":\"https:\\\/\\\/avp.ro\\\/\",\"name\":\"Institu\u021bia Avocatul Poporului\",\"description\":\"People\u2019s Advocate institution - Office of the Ombudsman\",\"publisher\":{\"@id\":\"https:\\\/\\\/avp.ro\\\/#organization\"},\"potentialAction\":[{\"@type\":\"SearchAction\",\"target\":{\"@type\":\"EntryPoint\",\"urlTemplate\":\"https:\\\/\\\/avp.ro\\\/?s={search_term_string}\"},\"query-input\":{\"@type\":\"PropertyValueSpecification\",\"valueRequired\":true,\"valueName\":\"search_term_string\"}}],\"inLanguage\":\"en-US\"},{\"@type\":\"Organization\",\"@id\":\"https:\\\/\\\/avp.ro\\\/#organization\",\"name\":\"Institutia Avocatul Poporului\",\"url\":\"https:\\\/\\\/avp.ro\\\/\",\"logo\":{\"@type\":\"ImageObject\",\"inLanguage\":\"en-US\",\"@id\":\"https:\\\/\\\/avp.ro\\\/#\\\/schema\\\/logo\\\/image\\\/\",\"url\":\"https:\\\/\\\/avp.ro\\\/wp-content\\\/uploads\\\/2020\\\/09\\\/cropped-AP.jpg\",\"contentUrl\":\"https:\\\/\\\/avp.ro\\\/wp-content\\\/uploads\\\/2020\\\/09\\\/cropped-AP.jpg\",\"width\":160,\"height\":146,\"caption\":\"Institutia Avocatul Poporului\"},\"image\":{\"@id\":\"https:\\\/\\\/avp.ro\\\/#\\\/schema\\\/logo\\\/image\\\/\"}}]}<\/script>\n<!-- \/ Yoast SEO plugin. -->","yoast_head_json":{"title":"Rapoarte speciale - Institu\u021bia Avocatul Poporului","robots":{"index":"index","follow":"follow","max-snippet":"max-snippet:-1","max-image-preview":"max-image-preview:large","max-video-preview":"max-video-preview:-1"},"canonical":"https:\/\/avp.ro\/index.php\/activitatea-avp\/rapoarte-speciale\/","og_locale":"en_US","og_type":"article","og_title":"Rapoarte speciale - Institu\u021bia Avocatul Poporului","og_description":"&nbsp; RAPOARTE SPECIALE 2025 4. RAPORT SPECIAL PRIVIND VALORIFICAREA DREPTULUI LA PENSIE DE C\u0102TRE CET\u0102\u021aENII ROM\u00c2NI CARE MUNCESC \u00ceN STR\u0102IN\u0102TATE, 3 decembrie 2025 3. RAPORT SPECIAL PRIVIND SITUA\u021aIA PERSOANELOR V\u00c2RSTNICE&hellip;","og_url":"https:\/\/avp.ro\/index.php\/activitatea-avp\/rapoarte-speciale\/","og_site_name":"Institu\u021bia Avocatul Poporului","article_modified_time":"2025-12-03T10:29:37+00:00","twitter_card":"summary_large_image","twitter_misc":{"Est. reading time":"3 minutes"},"schema":{"@context":"https:\/\/schema.org","@graph":[{"@type":"WebPage","@id":"https:\/\/avp.ro\/index.php\/activitatea-avp\/rapoarte-speciale\/","url":"https:\/\/avp.ro\/index.php\/activitatea-avp\/rapoarte-speciale\/","name":"Rapoarte speciale - Institu\u021bia Avocatul Poporului","isPartOf":{"@id":"https:\/\/avp.ro\/#website"},"datePublished":"2020-07-16T06:10:26+00:00","dateModified":"2025-12-03T10:29:37+00:00","breadcrumb":{"@id":"https:\/\/avp.ro\/index.php\/activitatea-avp\/rapoarte-speciale\/#breadcrumb"},"inLanguage":"en-US","potentialAction":[{"@type":"ReadAction","target":["https:\/\/avp.ro\/index.php\/activitatea-avp\/rapoarte-speciale\/"]}]},{"@type":"BreadcrumbList","@id":"https:\/\/avp.ro\/index.php\/activitatea-avp\/rapoarte-speciale\/#breadcrumb","itemListElement":[{"@type":"ListItem","position":1,"name":"Home","item":"https:\/\/avp.ro\/"},{"@type":"ListItem","position":2,"name":"ACTIVITATEA AVP","item":"https:\/\/avp.ro\/index.php\/activitatea-avp\/"},{"@type":"ListItem","position":3,"name":"Rapoarte speciale"}]},{"@type":"WebSite","@id":"https:\/\/avp.ro\/#website","url":"https:\/\/avp.ro\/","name":"Institu\u021bia Avocatul Poporului","description":"People\u2019s Advocate institution - Office of the Ombudsman","publisher":{"@id":"https:\/\/avp.ro\/#organization"},"potentialAction":[{"@type":"SearchAction","target":{"@type":"EntryPoint","urlTemplate":"https:\/\/avp.ro\/?s={search_term_string}"},"query-input":{"@type":"PropertyValueSpecification","valueRequired":true,"valueName":"search_term_string"}}],"inLanguage":"en-US"},{"@type":"Organization","@id":"https:\/\/avp.ro\/#organization","name":"Institutia Avocatul Poporului","url":"https:\/\/avp.ro\/","logo":{"@type":"ImageObject","inLanguage":"en-US","@id":"https:\/\/avp.ro\/#\/schema\/logo\/image\/","url":"https:\/\/avp.ro\/wp-content\/uploads\/2020\/09\/cropped-AP.jpg","contentUrl":"https:\/\/avp.ro\/wp-content\/uploads\/2020\/09\/cropped-AP.jpg","width":160,"height":146,"caption":"Institutia Avocatul Poporului"},"image":{"@id":"https:\/\/avp.ro\/#\/schema\/logo\/image\/"}}]}},"_links":{"self":[{"href":"https:\/\/avp.ro\/index.php\/wp-json\/wp\/v2\/pages\/84","targetHints":{"allow":["GET"]}}],"collection":[{"href":"https:\/\/avp.ro\/index.php\/wp-json\/wp\/v2\/pages"}],"about":[{"href":"https:\/\/avp.ro\/index.php\/wp-json\/wp\/v2\/types\/page"}],"author":[{"embeddable":true,"href":"https:\/\/avp.ro\/index.php\/wp-json\/wp\/v2\/users\/1"}],"replies":[{"embeddable":true,"href":"https:\/\/avp.ro\/index.php\/wp-json\/wp\/v2\/comments?post=84"}],"version-history":[{"count":59,"href":"https:\/\/avp.ro\/index.php\/wp-json\/wp\/v2\/pages\/84\/revisions"}],"predecessor-version":[{"id":14905,"href":"https:\/\/avp.ro\/index.php\/wp-json\/wp\/v2\/pages\/84\/revisions\/14905"}],"up":[{"embeddable":true,"href":"https:\/\/avp.ro\/index.php\/wp-json\/wp\/v2\/pages\/50"}],"wp:attachment":[{"href":"https:\/\/avp.ro\/index.php\/wp-json\/wp\/v2\/media?parent=84"}],"curies":[{"name":"wp","href":"https:\/\/api.w.org\/{rel}","templated":true}]}}