{"id":8599,"date":"2023-04-05T15:43:54","date_gmt":"2023-04-05T13:43:54","guid":{"rendered":"https:\/\/avp.ro\/?page_id=8599"},"modified":"2023-07-27T11:29:33","modified_gmt":"2023-07-27T09:29:33","slug":"centre-pentru-migranti-2023","status":"publish","type":"page","link":"https:\/\/avp.ro\/index.php\/centre-pentru-migranti-2023\/","title":{"rendered":"CENTRE PENTRU MIGRAN\u021aI 2023"},"content":{"rendered":"<p>1. <a href=\"https:\/\/avp.ro\/wp-content\/uploads\/2023\/04\/Raport-vizita-camera-de-triere-STPF-Calarasi.pdf\">Raportul privind vizita desf\u0103\u0219urat\u0103 la Camera de triere din cadrul Serviciului Teritorial al Poli\u021biei de Frontier\u0103 C\u0103l\u0103ra\u0219i <\/a><\/p>\n<p style=\"padding-left: 40px;\"><a href=\"https:\/\/avp.ro\/wp-content\/uploads\/2023\/04\/Raspuns-ITPF-Giurgiu.pdf\">&#8211; R\u0103spunsul Inspectoratului Teritorial al Poli\u021biei de Frontier\u0103 Giurgiu<\/a><\/p>\n<p style=\"padding-left: 40px;\"><a href=\"https:\/\/avp.ro\/wp-content\/uploads\/2023\/07\/Raspunsul-Inspectoratului-General-al-Politiei-de-Frontiera.pdf\">&#8211; R\u0103spunsul Inspectoratului General al Poli\u021biei de Frontier\u0103<\/a><\/p>\n","protected":false},"excerpt":{"rendered":"<p>1. Raportul privind vizita desf\u0103\u0219urat\u0103 la Camera de triere din cadrul Serviciului Teritorial al Poli\u021biei de Frontier\u0103 C\u0103l\u0103ra\u0219i &#8211; R\u0103spunsul Inspectoratului Teritorial al Poli\u021biei de Frontier\u0103 Giurgiu &#8211; R\u0103spunsul Inspectoratului&hellip; <\/p>\n","protected":false},"author":1,"featured_media":0,"parent":0,"menu_order":0,"comment_status":"closed","ping_status":"closed","template":"","meta":{"footnotes":""},"class_list":["post-8599","page","type-page","status-publish","hentry"],"yoast_head":"<!-- This site is optimized with the Yoast SEO plugin v27.3 - https:\/\/yoast.com\/product\/yoast-seo-wordpress\/ -->\n<title>CENTRE PENTRU MIGRAN\u021aI 2023 - Institu\u021bia Avocatul Poporului<\/title>\n<meta name=\"robots\" content=\"index, follow, max-snippet:-1, max-image-preview:large, max-video-preview:-1\" \/>\n<link rel=\"canonical\" href=\"https:\/\/avp.ro\/index.php\/centre-pentru-migranti-2023\/\" \/>\n<meta property=\"og:locale\" content=\"en_US\" \/>\n<meta property=\"og:type\" content=\"article\" \/>\n<meta property=\"og:title\" content=\"CENTRE PENTRU MIGRAN\u021aI 2023 - Institu\u021bia Avocatul Poporului\" \/>\n<meta property=\"og:description\" content=\"1. Raportul privind vizita desf\u0103\u0219urat\u0103 la Camera de triere din cadrul Serviciului Teritorial al Poli\u021biei de Frontier\u0103 C\u0103l\u0103ra\u0219i &#8211; R\u0103spunsul Inspectoratului Teritorial al Poli\u021biei de Frontier\u0103 Giurgiu &#8211; R\u0103spunsul Inspectoratului&hellip;\" \/>\n<meta property=\"og:url\" content=\"https:\/\/avp.ro\/index.php\/centre-pentru-migranti-2023\/\" \/>\n<meta property=\"og:site_name\" content=\"Institu\u021bia Avocatul Poporului\" \/>\n<meta property=\"article:modified_time\" content=\"2023-07-27T09:29:33+00:00\" \/>\n<meta name=\"twitter:card\" content=\"summary_large_image\" \/>\n<meta name=\"twitter:label1\" content=\"Est. reading time\" \/>\n\t<meta name=\"twitter:data1\" content=\"1 minute\" \/>\n<script type=\"application\/ld+json\" class=\"yoast-schema-graph\">{\"@context\":\"https:\\\/\\\/schema.org\",\"@graph\":[{\"@type\":\"WebPage\",\"@id\":\"https:\\\/\\\/avp.ro\\\/index.php\\\/centre-pentru-migranti-2023\\\/\",\"url\":\"https:\\\/\\\/avp.ro\\\/index.php\\\/centre-pentru-migranti-2023\\\/\",\"name\":\"CENTRE PENTRU MIGRAN\u021aI 2023 - Institu\u021bia Avocatul Poporului\",\"isPartOf\":{\"@id\":\"https:\\\/\\\/avp.ro\\\/#website\"},\"datePublished\":\"2023-04-05T13:43:54+00:00\",\"dateModified\":\"2023-07-27T09:29:33+00:00\",\"breadcrumb\":{\"@id\":\"https:\\\/\\\/avp.ro\\\/index.php\\\/centre-pentru-migranti-2023\\\/#breadcrumb\"},\"inLanguage\":\"en-US\",\"potentialAction\":[{\"@type\":\"ReadAction\",\"target\":[\"https:\\\/\\\/avp.ro\\\/index.php\\\/centre-pentru-migranti-2023\\\/\"]}]},{\"@type\":\"BreadcrumbList\",\"@id\":\"https:\\\/\\\/avp.ro\\\/index.php\\\/centre-pentru-migranti-2023\\\/#breadcrumb\",\"itemListElement\":[{\"@type\":\"ListItem\",\"position\":1,\"name\":\"Home\",\"item\":\"https:\\\/\\\/avp.ro\\\/\"},{\"@type\":\"ListItem\",\"position\":2,\"name\":\"CENTRE PENTRU MIGRAN\u021aI 2023\"}]},{\"@type\":\"WebSite\",\"@id\":\"https:\\\/\\\/avp.ro\\\/#website\",\"url\":\"https:\\\/\\\/avp.ro\\\/\",\"name\":\"Institu\u021bia Avocatul Poporului\",\"description\":\"People\u2019s Advocate institution - Office of the Ombudsman\",\"publisher\":{\"@id\":\"https:\\\/\\\/avp.ro\\\/#organization\"},\"potentialAction\":[{\"@type\":\"SearchAction\",\"target\":{\"@type\":\"EntryPoint\",\"urlTemplate\":\"https:\\\/\\\/avp.ro\\\/?s={search_term_string}\"},\"query-input\":{\"@type\":\"PropertyValueSpecification\",\"valueRequired\":true,\"valueName\":\"search_term_string\"}}],\"inLanguage\":\"en-US\"},{\"@type\":\"Organization\",\"@id\":\"https:\\\/\\\/avp.ro\\\/#organization\",\"name\":\"Institutia Avocatul Poporului\",\"url\":\"https:\\\/\\\/avp.ro\\\/\",\"logo\":{\"@type\":\"ImageObject\",\"inLanguage\":\"en-US\",\"@id\":\"https:\\\/\\\/avp.ro\\\/#\\\/schema\\\/logo\\\/image\\\/\",\"url\":\"https:\\\/\\\/avp.ro\\\/wp-content\\\/uploads\\\/2020\\\/09\\\/cropped-AP.jpg\",\"contentUrl\":\"https:\\\/\\\/avp.ro\\\/wp-content\\\/uploads\\\/2020\\\/09\\\/cropped-AP.jpg\",\"width\":160,\"height\":146,\"caption\":\"Institutia Avocatul Poporului\"},\"image\":{\"@id\":\"https:\\\/\\\/avp.ro\\\/#\\\/schema\\\/logo\\\/image\\\/\"}}]}<\/script>\n<!-- \/ Yoast SEO plugin. -->","yoast_head_json":{"title":"CENTRE PENTRU MIGRAN\u021aI 2023 - Institu\u021bia Avocatul Poporului","robots":{"index":"index","follow":"follow","max-snippet":"max-snippet:-1","max-image-preview":"max-image-preview:large","max-video-preview":"max-video-preview:-1"},"canonical":"https:\/\/avp.ro\/index.php\/centre-pentru-migranti-2023\/","og_locale":"en_US","og_type":"article","og_title":"CENTRE PENTRU MIGRAN\u021aI 2023 - Institu\u021bia Avocatul Poporului","og_description":"1. Raportul privind vizita desf\u0103\u0219urat\u0103 la Camera de triere din cadrul Serviciului Teritorial al Poli\u021biei de Frontier\u0103 C\u0103l\u0103ra\u0219i &#8211; R\u0103spunsul Inspectoratului Teritorial al Poli\u021biei de Frontier\u0103 Giurgiu &#8211; R\u0103spunsul Inspectoratului&hellip;","og_url":"https:\/\/avp.ro\/index.php\/centre-pentru-migranti-2023\/","og_site_name":"Institu\u021bia Avocatul Poporului","article_modified_time":"2023-07-27T09:29:33+00:00","twitter_card":"summary_large_image","twitter_misc":{"Est. reading time":"1 minute"},"schema":{"@context":"https:\/\/schema.org","@graph":[{"@type":"WebPage","@id":"https:\/\/avp.ro\/index.php\/centre-pentru-migranti-2023\/","url":"https:\/\/avp.ro\/index.php\/centre-pentru-migranti-2023\/","name":"CENTRE PENTRU MIGRAN\u021aI 2023 - Institu\u021bia Avocatul Poporului","isPartOf":{"@id":"https:\/\/avp.ro\/#website"},"datePublished":"2023-04-05T13:43:54+00:00","dateModified":"2023-07-27T09:29:33+00:00","breadcrumb":{"@id":"https:\/\/avp.ro\/index.php\/centre-pentru-migranti-2023\/#breadcrumb"},"inLanguage":"en-US","potentialAction":[{"@type":"ReadAction","target":["https:\/\/avp.ro\/index.php\/centre-pentru-migranti-2023\/"]}]},{"@type":"BreadcrumbList","@id":"https:\/\/avp.ro\/index.php\/centre-pentru-migranti-2023\/#breadcrumb","itemListElement":[{"@type":"ListItem","position":1,"name":"Home","item":"https:\/\/avp.ro\/"},{"@type":"ListItem","position":2,"name":"CENTRE PENTRU MIGRAN\u021aI 2023"}]},{"@type":"WebSite","@id":"https:\/\/avp.ro\/#website","url":"https:\/\/avp.ro\/","name":"Institu\u021bia Avocatul Poporului","description":"People\u2019s Advocate institution - Office of the Ombudsman","publisher":{"@id":"https:\/\/avp.ro\/#organization"},"potentialAction":[{"@type":"SearchAction","target":{"@type":"EntryPoint","urlTemplate":"https:\/\/avp.ro\/?s={search_term_string}"},"query-input":{"@type":"PropertyValueSpecification","valueRequired":true,"valueName":"search_term_string"}}],"inLanguage":"en-US"},{"@type":"Organization","@id":"https:\/\/avp.ro\/#organization","name":"Institutia Avocatul Poporului","url":"https:\/\/avp.ro\/","logo":{"@type":"ImageObject","inLanguage":"en-US","@id":"https:\/\/avp.ro\/#\/schema\/logo\/image\/","url":"https:\/\/avp.ro\/wp-content\/uploads\/2020\/09\/cropped-AP.jpg","contentUrl":"https:\/\/avp.ro\/wp-content\/uploads\/2020\/09\/cropped-AP.jpg","width":160,"height":146,"caption":"Institutia Avocatul Poporului"},"image":{"@id":"https:\/\/avp.ro\/#\/schema\/logo\/image\/"}}]}},"_links":{"self":[{"href":"https:\/\/avp.ro\/index.php\/wp-json\/wp\/v2\/pages\/8599","targetHints":{"allow":["GET"]}}],"collection":[{"href":"https:\/\/avp.ro\/index.php\/wp-json\/wp\/v2\/pages"}],"about":[{"href":"https:\/\/avp.ro\/index.php\/wp-json\/wp\/v2\/types\/page"}],"author":[{"embeddable":true,"href":"https:\/\/avp.ro\/index.php\/wp-json\/wp\/v2\/users\/1"}],"replies":[{"embeddable":true,"href":"https:\/\/avp.ro\/index.php\/wp-json\/wp\/v2\/comments?post=8599"}],"version-history":[{"count":4,"href":"https:\/\/avp.ro\/index.php\/wp-json\/wp\/v2\/pages\/8599\/revisions"}],"predecessor-version":[{"id":9313,"href":"https:\/\/avp.ro\/index.php\/wp-json\/wp\/v2\/pages\/8599\/revisions\/9313"}],"wp:attachment":[{"href":"https:\/\/avp.ro\/index.php\/wp-json\/wp\/v2\/media?parent=8599"}],"curies":[{"name":"wp","href":"https:\/\/api.w.org\/{rel}","templated":true}]}}