{"id":8619,"date":"2023-07-03T14:34:51","date_gmt":"2023-07-03T12:34:51","guid":{"rendered":"https:\/\/avp.ro\/?page_id=8619"},"modified":"2023-07-04T13:52:53","modified_gmt":"2023-07-04T11:52:53","slug":"obiectii-de-neconstitutionalitate-2023","status":"publish","type":"page","link":"https:\/\/avp.ro\/index.php\/obiectii-de-neconstitutionalitate-2023\/","title":{"rendered":"Obiec\u021bii de neconstitu\u021bionalitate 2023"},"content":{"rendered":"<p>&nbsp;<\/p>\n<p><strong><a href=\"https:\/\/avp.ro\/wp-content\/uploads\/2023\/07\/Obiectie-Pl-x-57-2023.pdf\">Obiec\u021bie de neconstitu\u021bionalitate referitoare la prevederile Legii privind aprobarea Ordonan\u021bei de urgen\u021b\u0103 a Guvernului nr. 175\/2022 pentru stabilirea unor m\u0103suri privind obiectivele de investi\u021bii pentru realizarea de amenaj\u0103ri hidroenergetice \u00een curs de execu\u021bie precum \u0219i a altor proiecte de interes public major care utilizeaz\u0103 energie regenerabil\u0103, precum \u0219i pentru modificarea \u0219i completarea unor acte normative \u00a0(PL-x nr. 57\/2023, L814\/2022), precum \u0219i cele ale art. I din Ordonan\u021ba de urgen\u021b\u0103 a Guvernului nr. 175\/2022 \u2013 3 iulie 2023<\/a><\/strong><\/p>\n<p><strong><a href=\"https:\/\/avp.ro\/wp-content\/uploads\/2023\/04\/Exceptie-neconstitutionalitate-PL-x-246-2023-3.pdf\">Obiec\u021bie de neconstitu\u021bionalitate \u00een ceea ce prive\u0219te dispozi\u021biile art. I, punctul 17 referitoare la art. 139\u00b9 alin. (1) \u0219i (2), precum \u0219i cele ale art. I pct. 38 cu referire la introducerea alin. (1\u00b9) \u00een cuprinsul art. 345 din Legea pentru modificarea \u0219i completarea Legii nr. 135\/2010 privind Codul de procedur\u0103 penal\u0103, precum \u0219i pentru modificarea altor acte normative (PL-x nr. 246\/2023, L 2\/2023) &#8211; 12 aprilie 2023\u00a0<\/a><\/strong><\/p>\n<p><a href=\"https:\/\/avp.ro\/wp-content\/uploads\/2023\/04\/Obiectie-PL-x-116-2023_.pdf\"><strong>Obiec\u021bie de neconstitu\u021bionalitate referitoare la Legea pentru modificarea art. 2 alin. (4) din Ordonan\u021ba de urgen\u021b\u0103 a Guvernului nr. 155\/2001 privind aprobarea programului de gestionare a c\u00e2inilor f\u0103r\u0103 st\u0103p\u00e2n (PL-x nr. 116\/2023) &#8211; 10 aprilie 2023<\/strong><\/a><\/p>\n","protected":false},"excerpt":{"rendered":"<p>&nbsp; Obiec\u021bie de neconstitu\u021bionalitate referitoare la prevederile Legii privind aprobarea Ordonan\u021bei de urgen\u021b\u0103 a Guvernului nr. 175\/2022 pentru stabilirea unor m\u0103suri privind obiectivele de investi\u021bii pentru realizarea de amenaj\u0103ri hidroenergetice&hellip; <\/p>\n","protected":false},"author":1,"featured_media":0,"parent":0,"menu_order":0,"comment_status":"closed","ping_status":"closed","template":"","meta":{"footnotes":""},"class_list":["post-8619","page","type-page","status-publish","hentry"],"yoast_head":"<!-- This site is optimized with the Yoast SEO plugin v27.3 - https:\/\/yoast.com\/product\/yoast-seo-wordpress\/ -->\n<title>Obiec\u021bii de neconstitu\u021bionalitate 2023 - Institu\u021bia Avocatul Poporului<\/title>\n<meta name=\"robots\" content=\"index, follow, max-snippet:-1, max-image-preview:large, max-video-preview:-1\" \/>\n<link rel=\"canonical\" href=\"https:\/\/avp.ro\/index.php\/obiectii-de-neconstitutionalitate-2023\/\" \/>\n<meta property=\"og:locale\" content=\"en_US\" \/>\n<meta property=\"og:type\" content=\"article\" \/>\n<meta property=\"og:title\" content=\"Obiec\u021bii de neconstitu\u021bionalitate 2023 - Institu\u021bia Avocatul Poporului\" \/>\n<meta property=\"og:description\" content=\"&nbsp; Obiec\u021bie de neconstitu\u021bionalitate referitoare la prevederile Legii privind aprobarea Ordonan\u021bei de urgen\u021b\u0103 a Guvernului nr. 175\/2022 pentru stabilirea unor m\u0103suri privind obiectivele de investi\u021bii pentru realizarea de amenaj\u0103ri hidroenergetice&hellip;\" \/>\n<meta property=\"og:url\" content=\"https:\/\/avp.ro\/index.php\/obiectii-de-neconstitutionalitate-2023\/\" \/>\n<meta property=\"og:site_name\" content=\"Institu\u021bia Avocatul Poporului\" \/>\n<meta property=\"article:modified_time\" content=\"2023-07-04T11:52:53+00:00\" \/>\n<meta name=\"twitter:card\" content=\"summary_large_image\" \/>\n<meta name=\"twitter:label1\" content=\"Est. reading time\" \/>\n\t<meta name=\"twitter:data1\" content=\"2 minutes\" \/>\n<script type=\"application\/ld+json\" class=\"yoast-schema-graph\">{\"@context\":\"https:\\\/\\\/schema.org\",\"@graph\":[{\"@type\":\"WebPage\",\"@id\":\"https:\\\/\\\/avp.ro\\\/index.php\\\/obiectii-de-neconstitutionalitate-2023\\\/\",\"url\":\"https:\\\/\\\/avp.ro\\\/index.php\\\/obiectii-de-neconstitutionalitate-2023\\\/\",\"name\":\"Obiec\u021bii de neconstitu\u021bionalitate 2023 - Institu\u021bia Avocatul Poporului\",\"isPartOf\":{\"@id\":\"https:\\\/\\\/avp.ro\\\/#website\"},\"datePublished\":\"2023-07-03T12:34:51+00:00\",\"dateModified\":\"2023-07-04T11:52:53+00:00\",\"breadcrumb\":{\"@id\":\"https:\\\/\\\/avp.ro\\\/index.php\\\/obiectii-de-neconstitutionalitate-2023\\\/#breadcrumb\"},\"inLanguage\":\"en-US\",\"potentialAction\":[{\"@type\":\"ReadAction\",\"target\":[\"https:\\\/\\\/avp.ro\\\/index.php\\\/obiectii-de-neconstitutionalitate-2023\\\/\"]}]},{\"@type\":\"BreadcrumbList\",\"@id\":\"https:\\\/\\\/avp.ro\\\/index.php\\\/obiectii-de-neconstitutionalitate-2023\\\/#breadcrumb\",\"itemListElement\":[{\"@type\":\"ListItem\",\"position\":1,\"name\":\"Home\",\"item\":\"https:\\\/\\\/avp.ro\\\/\"},{\"@type\":\"ListItem\",\"position\":2,\"name\":\"Obiec\u021bii de neconstitu\u021bionalitate 2023\"}]},{\"@type\":\"WebSite\",\"@id\":\"https:\\\/\\\/avp.ro\\\/#website\",\"url\":\"https:\\\/\\\/avp.ro\\\/\",\"name\":\"Institu\u021bia Avocatul Poporului\",\"description\":\"People\u2019s Advocate institution - Office of the Ombudsman\",\"publisher\":{\"@id\":\"https:\\\/\\\/avp.ro\\\/#organization\"},\"potentialAction\":[{\"@type\":\"SearchAction\",\"target\":{\"@type\":\"EntryPoint\",\"urlTemplate\":\"https:\\\/\\\/avp.ro\\\/?s={search_term_string}\"},\"query-input\":{\"@type\":\"PropertyValueSpecification\",\"valueRequired\":true,\"valueName\":\"search_term_string\"}}],\"inLanguage\":\"en-US\"},{\"@type\":\"Organization\",\"@id\":\"https:\\\/\\\/avp.ro\\\/#organization\",\"name\":\"Institutia Avocatul Poporului\",\"url\":\"https:\\\/\\\/avp.ro\\\/\",\"logo\":{\"@type\":\"ImageObject\",\"inLanguage\":\"en-US\",\"@id\":\"https:\\\/\\\/avp.ro\\\/#\\\/schema\\\/logo\\\/image\\\/\",\"url\":\"https:\\\/\\\/avp.ro\\\/wp-content\\\/uploads\\\/2020\\\/09\\\/cropped-AP.jpg\",\"contentUrl\":\"https:\\\/\\\/avp.ro\\\/wp-content\\\/uploads\\\/2020\\\/09\\\/cropped-AP.jpg\",\"width\":160,\"height\":146,\"caption\":\"Institutia Avocatul Poporului\"},\"image\":{\"@id\":\"https:\\\/\\\/avp.ro\\\/#\\\/schema\\\/logo\\\/image\\\/\"}}]}<\/script>\n<!-- \/ Yoast SEO plugin. -->","yoast_head_json":{"title":"Obiec\u021bii de neconstitu\u021bionalitate 2023 - Institu\u021bia Avocatul Poporului","robots":{"index":"index","follow":"follow","max-snippet":"max-snippet:-1","max-image-preview":"max-image-preview:large","max-video-preview":"max-video-preview:-1"},"canonical":"https:\/\/avp.ro\/index.php\/obiectii-de-neconstitutionalitate-2023\/","og_locale":"en_US","og_type":"article","og_title":"Obiec\u021bii de neconstitu\u021bionalitate 2023 - Institu\u021bia Avocatul Poporului","og_description":"&nbsp; Obiec\u021bie de neconstitu\u021bionalitate referitoare la prevederile Legii privind aprobarea Ordonan\u021bei de urgen\u021b\u0103 a Guvernului nr. 175\/2022 pentru stabilirea unor m\u0103suri privind obiectivele de investi\u021bii pentru realizarea de amenaj\u0103ri hidroenergetice&hellip;","og_url":"https:\/\/avp.ro\/index.php\/obiectii-de-neconstitutionalitate-2023\/","og_site_name":"Institu\u021bia Avocatul Poporului","article_modified_time":"2023-07-04T11:52:53+00:00","twitter_card":"summary_large_image","twitter_misc":{"Est. reading time":"2 minutes"},"schema":{"@context":"https:\/\/schema.org","@graph":[{"@type":"WebPage","@id":"https:\/\/avp.ro\/index.php\/obiectii-de-neconstitutionalitate-2023\/","url":"https:\/\/avp.ro\/index.php\/obiectii-de-neconstitutionalitate-2023\/","name":"Obiec\u021bii de neconstitu\u021bionalitate 2023 - Institu\u021bia Avocatul Poporului","isPartOf":{"@id":"https:\/\/avp.ro\/#website"},"datePublished":"2023-07-03T12:34:51+00:00","dateModified":"2023-07-04T11:52:53+00:00","breadcrumb":{"@id":"https:\/\/avp.ro\/index.php\/obiectii-de-neconstitutionalitate-2023\/#breadcrumb"},"inLanguage":"en-US","potentialAction":[{"@type":"ReadAction","target":["https:\/\/avp.ro\/index.php\/obiectii-de-neconstitutionalitate-2023\/"]}]},{"@type":"BreadcrumbList","@id":"https:\/\/avp.ro\/index.php\/obiectii-de-neconstitutionalitate-2023\/#breadcrumb","itemListElement":[{"@type":"ListItem","position":1,"name":"Home","item":"https:\/\/avp.ro\/"},{"@type":"ListItem","position":2,"name":"Obiec\u021bii de neconstitu\u021bionalitate 2023"}]},{"@type":"WebSite","@id":"https:\/\/avp.ro\/#website","url":"https:\/\/avp.ro\/","name":"Institu\u021bia Avocatul Poporului","description":"People\u2019s Advocate institution - Office of the Ombudsman","publisher":{"@id":"https:\/\/avp.ro\/#organization"},"potentialAction":[{"@type":"SearchAction","target":{"@type":"EntryPoint","urlTemplate":"https:\/\/avp.ro\/?s={search_term_string}"},"query-input":{"@type":"PropertyValueSpecification","valueRequired":true,"valueName":"search_term_string"}}],"inLanguage":"en-US"},{"@type":"Organization","@id":"https:\/\/avp.ro\/#organization","name":"Institutia Avocatul Poporului","url":"https:\/\/avp.ro\/","logo":{"@type":"ImageObject","inLanguage":"en-US","@id":"https:\/\/avp.ro\/#\/schema\/logo\/image\/","url":"https:\/\/avp.ro\/wp-content\/uploads\/2020\/09\/cropped-AP.jpg","contentUrl":"https:\/\/avp.ro\/wp-content\/uploads\/2020\/09\/cropped-AP.jpg","width":160,"height":146,"caption":"Institutia Avocatul Poporului"},"image":{"@id":"https:\/\/avp.ro\/#\/schema\/logo\/image\/"}}]}},"_links":{"self":[{"href":"https:\/\/avp.ro\/index.php\/wp-json\/wp\/v2\/pages\/8619","targetHints":{"allow":["GET"]}}],"collection":[{"href":"https:\/\/avp.ro\/index.php\/wp-json\/wp\/v2\/pages"}],"about":[{"href":"https:\/\/avp.ro\/index.php\/wp-json\/wp\/v2\/types\/page"}],"author":[{"embeddable":true,"href":"https:\/\/avp.ro\/index.php\/wp-json\/wp\/v2\/users\/1"}],"replies":[{"embeddable":true,"href":"https:\/\/avp.ro\/index.php\/wp-json\/wp\/v2\/comments?post=8619"}],"version-history":[{"count":11,"href":"https:\/\/avp.ro\/index.php\/wp-json\/wp\/v2\/pages\/8619\/revisions"}],"predecessor-version":[{"id":9192,"href":"https:\/\/avp.ro\/index.php\/wp-json\/wp\/v2\/pages\/8619\/revisions\/9192"}],"wp:attachment":[{"href":"https:\/\/avp.ro\/index.php\/wp-json\/wp\/v2\/media?parent=8619"}],"curies":[{"name":"wp","href":"https:\/\/api.w.org\/{rel}","templated":true}]}}